{"id":38364,"date":"2020-01-13T13:49:03","date_gmt":"2020-01-13T12:49:03","guid":{"rendered":"https:\/\/www.rubengalarreta.com\/?post_type=product&#038;p=38364"},"modified":"2021-11-09T18:09:37","modified_gmt":"2021-11-09T17:09:37","slug":"raffaelo-top-blanco-y-rojo","status":"publish","type":"product","link":"https:\/\/www.rubengalarreta.com\/es\/product\/man-es\/accessories-m-es\/raffaelo-top-blanco-y-rojo\/","title":{"rendered":"RAFFAELLO TOP BLANCO Y ROJO"},"content":{"rendered":"<h2><strong>RAFFAELLO TOP BLANCO Y ROJO<\/strong><\/h2>\n<table style=\"height: 346px; width: 98.2058%; border-collapse: collapse; border-style: hidden;\">\n<tbody>\n<tr style=\"height: 173px;\" valign=\"TOP\">\n<td style=\"width: 49.8998%; border-style: hidden; height: 173px;\" width=\"293\" height=\"19\"><span style=\"color: #000000;\"><span style=\"font-family: trebuchet ms, serif;\"><b>DETALLES DE PRODUCTO:<br \/>\n<\/b><\/span><\/span><span style=\"color: #999999;\"><span style=\"font-family: trebuchet ms, serif;\">-Espalda: Tela punto Milano el\u00e1stica blanca<\/span><\/span><span style=\"color: #999999;\"><span style=\"font-family: trebuchet ms, serif;\">-Frente: rejilla de neopreno blanco<\/span><\/span><span style=\"color: #999999;\"><span style=\"font-family: trebuchet ms, serif;\">-Ribete de algod\u00f3n rojo y cierre negro<\/span><\/span><\/td>\n<td style=\"width: 50.1002%; border-style: hidden; height: 173px;\" width=\"293\"><span style=\"color: #000000;\"><span style=\"font-family: trebuchet ms, serif;\"><b>TALLA:<br \/>\n<\/b><\/span><\/span><span style=\"color: #999999;\"><span style=\"font-family: trebuchet ms, serif;\">-Skinny Fit<\/span><\/span><\/td>\n<\/tr>\n<tr style=\"height: 173px;\" valign=\"TOP\">\n<td style=\"width: 49.8998%; border-style: hidden; height: 173px;\" width=\"293\" height=\"19\"><span style=\"color: #000000;\"><span style=\"font-family: trebuchet ms, serif;\"><b>CUIDADOS:<br \/>\n<\/b><\/span><\/span><span style=\"color: #999999;\"><span style=\"font-family: trebuchet ms, serif;\">-Lavado a m\u00e1quina y planchado seg\u00fan las instrucciones en etiqueta de cuidado<\/span><\/span><\/td>\n<td style=\"width: 50.1002%; border-style: hidden; height: 173px;\" width=\"293\"><span style=\"color: #000000;\"><span style=\"font-family: trebuchet ms, serif;\"><b>MEDIDAS MODELO:<br \/>\n<\/b><\/span><\/span><span style=\"color: #999999;\"><span style=\"font-family: trebuchet ms, serif;\">-Altura de modelo: 185 cm \/ 6&#8242;.08\u00bb<\/span><\/span><br \/>\n<span style=\"color: #999999;\"><span style=\"font-family: trebuchet ms, serif;\">-El modelo usa talla M <\/span><\/span><\/td>\n<\/tr>\n<\/tbody>\n<\/table>\n<p><strong>DESCRIPCI\u00d3N<\/strong><\/p>\n<p>Raffaello top blanco y rojo es nuestro nuevo arn\u00e9s el\u00e1stico blanco con ribete en rojo. La parte delantera est\u00e1 hecha de tejido de malla de neopreno con un visible cierre central negro, y la parte trasera est\u00e1 hecha de punto Milano que es un tejido el\u00e1stico con base de algod\u00f3n.<\/p>\n<p>El RAFFAELO TOP BLANCO Y ROJO cubre hasta la parte superior del pecho, por lo que tambi\u00e9n puedes usar este arn\u00e9s encima de una camiseta o una camiseta sin mangas para las fiestas m\u00e1s atrevidas. Puedes elegir entre las tallas: peque\u00f1a, mediana o grande.<\/p>\n<p>Este top de la colecci\u00f3n Inferno es otra versi\u00f3n del conocido <a href=\"https:\/\/www.rubengalarreta.com\/es\/product\/man-es\/accessories-m-es\/michele-black-and-white-top\/\">MICHELE TOP NEGRO Y BLANCO<\/a> que tambi\u00e9n pertenece a esta colecci\u00f3n de prendas atrevidas para hombre.<\/p>\n<p><strong>NOTA DE ESTIILO<\/strong><\/p>\n<ul>\n<li>Para salir de fiesta: para salir de fiesta este top puede convertirse en tu mejor aliado. Puedes combinarlo con un skinny jean y un camiseta transparente para darle un toque m\u00e1s divertido. Si los pantalones tienen rotos mejor, porque combinados con los nuevos <a href=\"https:\/\/www.rubengalarreta.com\/es\/product\/man-es\/accessories-m-es\/inferno-legging-harness\/\">LEGGING INFERNO<\/a>, se convertir\u00e1n en tu outfit perfecto para ir a las mejores fiestas de ambiente.<\/li>\n<li>Para tu d\u00eda a d\u00eda: Raffaelo top blanco y rojo te permitir\u00e1 poder darle ese toque diferente y atrevido a tu estilo diario. Siempre puedes combinarlo con camisetas b\u00e1sicas en colores neutros que resalten el top. Si quieres atreverte m\u00e1s, no olvides combinarlo con una camisa entre abierta.<\/li>\n<\/ul>\n","protected":false},"excerpt":{"rendered":"<h1><strong>RAFFAELLO TOP BLANCO Y ROJO<\/strong><\/h1>\n<p>Raffaelo top blanco y rojo otra versi\u00f3n de nuestro conocido MICHELE NEGRO Y BLANCO, que te permitir\u00e1 mayores combinaciones. Pertenece a la l\u00ednea m\u00e1s atrevida de la firma.<\/p>\n","protected":false},"featured_media":38421,"comment_status":"closed","ping_status":"closed","template":"","meta":{"_monsterinsights_skip_tracking":false,"_monsterinsights_sitenote_active":false,"_monsterinsights_sitenote_note":"","_monsterinsights_sitenote_category":0},"product_brand":[],"product_cat":[1950,1921],"product_tag":[2167],"class_list":{"0":"post-38364","1":"product","2":"type-product","3":"status-publish","4":"has-post-thumbnail","6":"product_cat-accessories-m-es","7":"product_cat-man-es","8":"product_tag-arneses","10":"first","11":"instock","12":"sale","13":"featured","14":"taxable","15":"shipping-taxable","16":"purchasable","17":"product-type-variable","18":"has-default-attributes"},"yoast_head":"<!-- This site is optimized with the Yoast SEO plugin v27.5 - https:\/\/yoast.com\/product\/yoast-seo-wordpress\/ -->\n<title>RAFFAELLO TOP BLANCO Y ROJO - Ruben Galarreta<\/title>\n<meta name=\"description\" content=\"Raffaello top blanco y rojo es otro arn\u00e9s de nuestra colecci\u00f3n Inferno, una de las l\u00edneas m\u00e1s atrevidas de la firma dise\u00f1ada en Espa\u00f1a\" \/>\n<meta name=\"robots\" content=\"index, follow, max-snippet:-1, max-image-preview:large, max-video-preview:-1\" \/>\n<link rel=\"canonical\" href=\"https:\/\/www.rubengalarreta.com\/es\/product\/man-es\/accessories-m-es\/raffaelo-top-blanco-y-rojo\/\" \/>\n<meta property=\"og:locale\" content=\"es_ES\" \/>\n<meta property=\"og:type\" content=\"article\" \/>\n<meta property=\"og:title\" content=\"RAFFAELLO TOP BLANCO Y ROJO - Ruben Galarreta\" \/>\n<meta property=\"og:description\" content=\"Raffaello top blanco y rojo es otro arn\u00e9s de nuestra colecci\u00f3n Inferno, una de las l\u00edneas m\u00e1s atrevidas de la firma dise\u00f1ada en Espa\u00f1a\" \/>\n<meta property=\"og:url\" content=\"https:\/\/www.rubengalarreta.com\/es\/product\/man-es\/accessories-m-es\/raffaelo-top-blanco-y-rojo\/\" \/>\n<meta property=\"og:site_name\" content=\"Ruben Galarreta\" \/>\n<meta property=\"article:modified_time\" content=\"2021-11-09T17:09:37+00:00\" \/>\n<meta property=\"og:image\" content=\"https:\/\/www.rubengalarreta.com\/wp-content\/uploads\/2020\/01\/white-new-edition-re-inferno-chest-harness-cabala-model-front.jpg\" \/>\n\t<meta property=\"og:image:width\" content=\"704\" \/>\n\t<meta property=\"og:image:height\" content=\"1000\" \/>\n\t<meta property=\"og:image:type\" content=\"image\/jpeg\" \/>\n<meta name=\"twitter:card\" content=\"summary_large_image\" \/>\n<meta name=\"twitter:label1\" content=\"Tiempo de lectura\" \/>\n\t<meta name=\"twitter:data1\" content=\"2 minutos\" \/>\n<script type=\"application\/ld+json\" class=\"yoast-schema-graph\">{\"@context\":\"https:\\\/\\\/schema.org\",\"@graph\":[{\"@type\":\"WebPage\",\"@id\":\"https:\\\/\\\/www.rubengalarreta.com\\\/es\\\/product\\\/man-es\\\/accessories-m-es\\\/raffaelo-top-blanco-y-rojo\\\/\",\"url\":\"https:\\\/\\\/www.rubengalarreta.com\\\/es\\\/product\\\/man-es\\\/accessories-m-es\\\/raffaelo-top-blanco-y-rojo\\\/\",\"name\":\"RAFFAELLO TOP BLANCO Y ROJO - Ruben Galarreta\",\"isPartOf\":{\"@id\":\"https:\\\/\\\/www.rubengalarreta.com\\\/es\\\/#website\"},\"primaryImageOfPage\":{\"@id\":\"https:\\\/\\\/www.rubengalarreta.com\\\/es\\\/product\\\/man-es\\\/accessories-m-es\\\/raffaelo-top-blanco-y-rojo\\\/#primaryimage\"},\"image\":{\"@id\":\"https:\\\/\\\/www.rubengalarreta.com\\\/es\\\/product\\\/man-es\\\/accessories-m-es\\\/raffaelo-top-blanco-y-rojo\\\/#primaryimage\"},\"thumbnailUrl\":\"https:\\\/\\\/www.rubengalarreta.com\\\/wp-content\\\/uploads\\\/2020\\\/01\\\/white-new-edition-re-inferno-chest-harness-cabala-model-front.jpg\",\"datePublished\":\"2020-01-13T12:49:03+00:00\",\"dateModified\":\"2021-11-09T17:09:37+00:00\",\"description\":\"Raffaello top blanco y rojo es otro arn\u00e9s de nuestra colecci\u00f3n Inferno, una de las l\u00edneas m\u00e1s atrevidas de la firma dise\u00f1ada en Espa\u00f1a\",\"breadcrumb\":{\"@id\":\"https:\\\/\\\/www.rubengalarreta.com\\\/es\\\/product\\\/man-es\\\/accessories-m-es\\\/raffaelo-top-blanco-y-rojo\\\/#breadcrumb\"},\"inLanguage\":\"es\",\"potentialAction\":[{\"@type\":\"ReadAction\",\"target\":[\"https:\\\/\\\/www.rubengalarreta.com\\\/es\\\/product\\\/man-es\\\/accessories-m-es\\\/raffaelo-top-blanco-y-rojo\\\/\"]}]},{\"@type\":\"ImageObject\",\"inLanguage\":\"es\",\"@id\":\"https:\\\/\\\/www.rubengalarreta.com\\\/es\\\/product\\\/man-es\\\/accessories-m-es\\\/raffaelo-top-blanco-y-rojo\\\/#primaryimage\",\"url\":\"https:\\\/\\\/www.rubengalarreta.com\\\/wp-content\\\/uploads\\\/2020\\\/01\\\/white-new-edition-re-inferno-chest-harness-cabala-model-front.jpg\",\"contentUrl\":\"https:\\\/\\\/www.rubengalarreta.com\\\/wp-content\\\/uploads\\\/2020\\\/01\\\/white-new-edition-re-inferno-chest-harness-cabala-model-front.jpg\",\"width\":704,\"height\":1000,\"caption\":\"Arn\u00e9s Raffaello blanco y rojo para hombres gays dise\u00f1ado por Rub\u00e9n Galarreta.\"},{\"@type\":\"BreadcrumbList\",\"@id\":\"https:\\\/\\\/www.rubengalarreta.com\\\/es\\\/product\\\/man-es\\\/accessories-m-es\\\/raffaelo-top-blanco-y-rojo\\\/#breadcrumb\",\"itemListElement\":[{\"@type\":\"ListItem\",\"position\":1,\"name\":\"Home\",\"item\":\"https:\\\/\\\/www.rubengalarreta.com\\\/es\\\/\"},{\"@type\":\"ListItem\",\"position\":2,\"name\":\"Tienda Online\",\"item\":\"https:\\\/\\\/www.rubengalarreta.com\\\/es\\\/tienda-2\\\/\"},{\"@type\":\"ListItem\",\"position\":3,\"name\":\"RAFFAELLO TOP BLANCO Y ROJO\"}]},{\"@type\":\"WebSite\",\"@id\":\"https:\\\/\\\/www.rubengalarreta.com\\\/es\\\/#website\",\"url\":\"https:\\\/\\\/www.rubengalarreta.com\\\/es\\\/\",\"name\":\"Ruben Galarreta\",\"description\":\"Hot Couture | Online Store\",\"publisher\":{\"@id\":\"https:\\\/\\\/www.rubengalarreta.com\\\/es\\\/#organization\"},\"potentialAction\":[{\"@type\":\"SearchAction\",\"target\":{\"@type\":\"EntryPoint\",\"urlTemplate\":\"https:\\\/\\\/www.rubengalarreta.com\\\/es\\\/?s={search_term_string}\"},\"query-input\":{\"@type\":\"PropertyValueSpecification\",\"valueRequired\":true,\"valueName\":\"search_term_string\"}}],\"inLanguage\":\"es\"},{\"@type\":\"Organization\",\"@id\":\"https:\\\/\\\/www.rubengalarreta.com\\\/es\\\/#organization\",\"name\":\"Ruben Galarreta\",\"url\":\"https:\\\/\\\/www.rubengalarreta.com\\\/es\\\/\",\"logo\":{\"@type\":\"ImageObject\",\"inLanguage\":\"es\",\"@id\":\"https:\\\/\\\/www.rubengalarreta.com\\\/es\\\/#\\\/schema\\\/logo\\\/image\\\/\",\"url\":\"https:\\\/\\\/www.rubengalarreta.com\\\/wp-content\\\/uploads\\\/2019\\\/10\\\/rubengalarreta-menswear.jpg\",\"contentUrl\":\"https:\\\/\\\/www.rubengalarreta.com\\\/wp-content\\\/uploads\\\/2019\\\/10\\\/rubengalarreta-menswear.jpg\",\"width\":1141,\"height\":146,\"caption\":\"Ruben Galarreta\"},\"image\":{\"@id\":\"https:\\\/\\\/www.rubengalarreta.com\\\/es\\\/#\\\/schema\\\/logo\\\/image\\\/\"}}]}<\/script>\n<!-- \/ Yoast SEO plugin. -->","yoast_head_json":{"title":"RAFFAELLO TOP BLANCO Y ROJO - Ruben Galarreta","description":"Raffaello top blanco y rojo es otro arn\u00e9s de nuestra colecci\u00f3n Inferno, una de las l\u00edneas m\u00e1s atrevidas de la firma dise\u00f1ada en Espa\u00f1a","robots":{"index":"index","follow":"follow","max-snippet":"max-snippet:-1","max-image-preview":"max-image-preview:large","max-video-preview":"max-video-preview:-1"},"canonical":"https:\/\/www.rubengalarreta.com\/es\/product\/man-es\/accessories-m-es\/raffaelo-top-blanco-y-rojo\/","og_locale":"es_ES","og_type":"article","og_title":"RAFFAELLO TOP BLANCO Y ROJO - Ruben Galarreta","og_description":"Raffaello top blanco y rojo es otro arn\u00e9s de nuestra colecci\u00f3n Inferno, una de las l\u00edneas m\u00e1s atrevidas de la firma dise\u00f1ada en Espa\u00f1a","og_url":"https:\/\/www.rubengalarreta.com\/es\/product\/man-es\/accessories-m-es\/raffaelo-top-blanco-y-rojo\/","og_site_name":"Ruben Galarreta","article_modified_time":"2021-11-09T17:09:37+00:00","og_image":[{"width":704,"height":1000,"url":"https:\/\/www.rubengalarreta.com\/wp-content\/uploads\/2020\/01\/white-new-edition-re-inferno-chest-harness-cabala-model-front.jpg","type":"image\/jpeg"}],"twitter_card":"summary_large_image","twitter_misc":{"Tiempo de lectura":"2 minutos"},"schema":{"@context":"https:\/\/schema.org","@graph":[{"@type":"WebPage","@id":"https:\/\/www.rubengalarreta.com\/es\/product\/man-es\/accessories-m-es\/raffaelo-top-blanco-y-rojo\/","url":"https:\/\/www.rubengalarreta.com\/es\/product\/man-es\/accessories-m-es\/raffaelo-top-blanco-y-rojo\/","name":"RAFFAELLO TOP BLANCO Y ROJO - Ruben Galarreta","isPartOf":{"@id":"https:\/\/www.rubengalarreta.com\/es\/#website"},"primaryImageOfPage":{"@id":"https:\/\/www.rubengalarreta.com\/es\/product\/man-es\/accessories-m-es\/raffaelo-top-blanco-y-rojo\/#primaryimage"},"image":{"@id":"https:\/\/www.rubengalarreta.com\/es\/product\/man-es\/accessories-m-es\/raffaelo-top-blanco-y-rojo\/#primaryimage"},"thumbnailUrl":"https:\/\/www.rubengalarreta.com\/wp-content\/uploads\/2020\/01\/white-new-edition-re-inferno-chest-harness-cabala-model-front.jpg","datePublished":"2020-01-13T12:49:03+00:00","dateModified":"2021-11-09T17:09:37+00:00","description":"Raffaello top blanco y rojo es otro arn\u00e9s de nuestra colecci\u00f3n Inferno, una de las l\u00edneas m\u00e1s atrevidas de la firma dise\u00f1ada en Espa\u00f1a","breadcrumb":{"@id":"https:\/\/www.rubengalarreta.com\/es\/product\/man-es\/accessories-m-es\/raffaelo-top-blanco-y-rojo\/#breadcrumb"},"inLanguage":"es","potentialAction":[{"@type":"ReadAction","target":["https:\/\/www.rubengalarreta.com\/es\/product\/man-es\/accessories-m-es\/raffaelo-top-blanco-y-rojo\/"]}]},{"@type":"ImageObject","inLanguage":"es","@id":"https:\/\/www.rubengalarreta.com\/es\/product\/man-es\/accessories-m-es\/raffaelo-top-blanco-y-rojo\/#primaryimage","url":"https:\/\/www.rubengalarreta.com\/wp-content\/uploads\/2020\/01\/white-new-edition-re-inferno-chest-harness-cabala-model-front.jpg","contentUrl":"https:\/\/www.rubengalarreta.com\/wp-content\/uploads\/2020\/01\/white-new-edition-re-inferno-chest-harness-cabala-model-front.jpg","width":704,"height":1000,"caption":"Arn\u00e9s Raffaello blanco y rojo para hombres gays dise\u00f1ado por Rub\u00e9n Galarreta."},{"@type":"BreadcrumbList","@id":"https:\/\/www.rubengalarreta.com\/es\/product\/man-es\/accessories-m-es\/raffaelo-top-blanco-y-rojo\/#breadcrumb","itemListElement":[{"@type":"ListItem","position":1,"name":"Home","item":"https:\/\/www.rubengalarreta.com\/es\/"},{"@type":"ListItem","position":2,"name":"Tienda Online","item":"https:\/\/www.rubengalarreta.com\/es\/tienda-2\/"},{"@type":"ListItem","position":3,"name":"RAFFAELLO TOP BLANCO Y ROJO"}]},{"@type":"WebSite","@id":"https:\/\/www.rubengalarreta.com\/es\/#website","url":"https:\/\/www.rubengalarreta.com\/es\/","name":"Ruben Galarreta","description":"Hot Couture | Online Store","publisher":{"@id":"https:\/\/www.rubengalarreta.com\/es\/#organization"},"potentialAction":[{"@type":"SearchAction","target":{"@type":"EntryPoint","urlTemplate":"https:\/\/www.rubengalarreta.com\/es\/?s={search_term_string}"},"query-input":{"@type":"PropertyValueSpecification","valueRequired":true,"valueName":"search_term_string"}}],"inLanguage":"es"},{"@type":"Organization","@id":"https:\/\/www.rubengalarreta.com\/es\/#organization","name":"Ruben Galarreta","url":"https:\/\/www.rubengalarreta.com\/es\/","logo":{"@type":"ImageObject","inLanguage":"es","@id":"https:\/\/www.rubengalarreta.com\/es\/#\/schema\/logo\/image\/","url":"https:\/\/www.rubengalarreta.com\/wp-content\/uploads\/2019\/10\/rubengalarreta-menswear.jpg","contentUrl":"https:\/\/www.rubengalarreta.com\/wp-content\/uploads\/2019\/10\/rubengalarreta-menswear.jpg","width":1141,"height":146,"caption":"Ruben Galarreta"},"image":{"@id":"https:\/\/www.rubengalarreta.com\/es\/#\/schema\/logo\/image\/"}}]}},"_links":{"self":[{"href":"https:\/\/www.rubengalarreta.com\/es\/wp-json\/wp\/v2\/product\/38364","targetHints":{"allow":["GET"]}}],"collection":[{"href":"https:\/\/www.rubengalarreta.com\/es\/wp-json\/wp\/v2\/product"}],"about":[{"href":"https:\/\/www.rubengalarreta.com\/es\/wp-json\/wp\/v2\/types\/product"}],"replies":[{"embeddable":true,"href":"https:\/\/www.rubengalarreta.com\/es\/wp-json\/wp\/v2\/comments?post=38364"}],"wp:featuredmedia":[{"embeddable":true,"href":"https:\/\/www.rubengalarreta.com\/es\/wp-json\/wp\/v2\/media\/38421"}],"wp:attachment":[{"href":"https:\/\/www.rubengalarreta.com\/es\/wp-json\/wp\/v2\/media?parent=38364"}],"wp:term":[{"taxonomy":"product_brand","embeddable":true,"href":"https:\/\/www.rubengalarreta.com\/es\/wp-json\/wp\/v2\/product_brand?post=38364"},{"taxonomy":"product_cat","embeddable":true,"href":"https:\/\/www.rubengalarreta.com\/es\/wp-json\/wp\/v2\/product_cat?post=38364"},{"taxonomy":"product_tag","embeddable":true,"href":"https:\/\/www.rubengalarreta.com\/es\/wp-json\/wp\/v2\/product_tag?post=38364"}],"curies":[{"name":"wp","href":"https:\/\/api.w.org\/{rel}","templated":true}]}}