{"id":26000,"date":"2016-12-12T14:56:54","date_gmt":"2016-12-12T13:56:54","guid":{"rendered":"https:\/\/www.rubengalarreta.com\/product\/sin%20categor\u00eda\/black-chest-harness\/"},"modified":"2021-11-05T10:36:12","modified_gmt":"2021-11-05T09:36:12","slug":"arnes-de-rejilla-negro","status":"publish","type":"product","link":"https:\/\/www.rubengalarreta.com\/es\/product\/man-es\/accessories-m-es\/arnes-de-rejilla-negro\/","title":{"rendered":"ARN\u00c9S DE REJILLA NEGRO"},"content":{"rendered":"<h2>ARN\u00c9S DE REJILLA NEGRO<\/h2>\n<table style=\"width: 100%; border-collapse: collapse; border-style: none; height: 153px;\">\n<tbody>\n<tr style=\"height: 62px;\">\n<td style=\"width: 50%; vertical-align: top; height: 62px;\"><strong><span style=\"color: #000000;\"><span style=\"font-family: trebuchet ms, geneva, sans-serif;\">DETALLES DE PRODUCTO:<\/span><\/span><\/strong><br \/>\n<span style=\"font-family: 'trebuchet ms', geneva, sans-serif; color: #999999;\">-Tejido de malla negra<br \/>\n-Detalle el\u00e1stico customizado con logo Rub\u00e9n Galarreta<\/span><\/td>\n<td style=\"width: 50%; vertical-align: top; height: 62px;\"><strong><span style=\"color: #000000;\"><span style=\"font-family: trebuchet ms, geneva, sans-serif;\">TALLA:<\/span><\/span><\/strong><span style=\"color: #000000;\"><span style=\"font-family: trebuchet ms, geneva, sans-serif;\"><br \/>\n<\/span><\/span><span style=\"color: #999999;\"><span style=\"font-family: trebuchet ms, geneva, sans-serif;\">-Ajuste Slim<\/span><\/span><span style=\"color: #999999;\"><span style=\"font-family: trebuchet ms, geneva, sans-serif;\">-Talla Universal.<\/span><\/span><\/td>\n<\/tr>\n<tr style=\"height: 91px;\">\n<td style=\"width: 50%; vertical-align: top; height: 91px;\"><strong><span style=\"color: #000000;\"><span style=\"font-family: trebuchet ms, geneva, sans-serif;\">CUIDADOS<\/span><\/span><\/strong><span style=\"color: #000000;\"><span style=\"font-family: trebuchet ms, geneva, sans-serif;\">:<\/span><\/span><br \/>\n<span style=\"font-family: 'trebuchet ms', geneva, sans-serif; color: #999999;\">-F\u00e1cil planchado y lavado a m\u00e1quina seg\u00fan las instrucciones de cuidado en la etiqueta<\/span><\/td>\n<td style=\"width: 50%; vertical-align: top; height: 91px;\"><strong><span style=\"color: #000000;\"><span style=\"font-family: trebuchet ms, geneva, sans-serif;\">MEDIDAS<\/span><\/span><\/strong><strong><span style=\"color: #000000;\"><span style=\"font-family: trebuchet ms, geneva, sans-serif;\">\u00a0MODELO:<br \/>\n<\/span><\/span><\/strong><span style=\"color: #999999;\"><span style=\"font-family: trebuchet ms, geneva, sans-serif;\">-Altura del modelo: 180 cm \/ 5&#8242;.90\u00bb<\/span><\/span><br \/>\n<span style=\"color: #999999;\"><span style=\"font-family: trebuchet ms, geneva, sans-serif;\">-El modelo usa: Talla universal<\/span><\/span><\/td>\n<\/tr>\n<\/tbody>\n<\/table>\n<p>&nbsp;<\/p>\n<p><strong>DESCRIPCI\u00d3N<\/strong><\/p>\n<p>El ARN\u00c9S DE REJILLA NEGRO para hombre es una de las piezas m\u00e1s especiales de nuestra marca. Est\u00e1 confeccionada con una mezcla de tejido de malla negra, adem\u00e1s de contar con un detalle el\u00e1stico customizado con el logo de Rub\u00e9n Galarreta. Este arn\u00e9s esta compuesto por una malla negra que cubre la parte central del pecho y la espalda con detalles el\u00e1sticos customizados con el logo de Rub\u00e9n Galarreta en los laterales de la malla, adem\u00e1s de contar con otro detalle el\u00e1stico que une la parte delantera y trasera del arn\u00e9s.<\/p>\n<p>Con el ARN\u00c9S DE REJILLA NEGRO se abre un amplio abanico de posibilidades en los que poder usarlo. Este arn\u00e9s puede hacer que seas la envidia de todos en las mejores fiestas gays a las que vayas, dar un toque m\u00e1s fetish y provocativo a tu intimidad o utilizarlo por ejemplo para hacer cosplays. A\u00f1ade con \u00e9l un toque m\u00e1s atrevido y personal a tus outfits gracias a su facilidad para combinar y a su versatilidad.<\/p>\n<p><strong>Recomendaciones de estilo:<\/strong><\/p>\n<p>El dise\u00f1ador solo puede recomendar algunas formas de usar este arn\u00e9s, sin embargo, gracias a su versatilidad, el arn\u00e9s permite usar la imaginaci\u00f3n para crear looks \u00fanicos y usarlo en su propio estilo. Esta es una de las principales razones por las que a todos les encanta este arn\u00e9s.<\/p>\n<p>Rub\u00e9n Galarreta recomienda combinar este arn\u00e9s con otros de nuestros arneses como el <a href=\"https:\/\/www.rubengalarreta.com\/es\/product\/man-es\/accessories-m-es\/arnes-legging\/\">ARN\u00c9S LEGGING <\/a>o con nuestro <a href=\"https:\/\/www.rubengalarreta.com\/es\/product\/man-es\/accessories-m-es\/arnes-con-cadenas-negras-para-pierna\/\">ARN\u00c9S CON CADENAS NEGRAS PARA PIERNA <\/a>para tener as\u00ed un look completo y sexy.<\/p>\n","protected":false},"excerpt":{"rendered":"<h1><strong>ARN\u00c9S DE REJILLA NEGRO<\/strong><\/h1>\n<p>Esta pieza de la colecci\u00f3n de arneses tan atrevida est\u00e1 realizada con una combinaci\u00f3n de rejilla negra y un detalle el\u00e1stico con el logo de Rub\u00e9n Galarreta. Este accesorio se asemeja a la estructura de una camiseta de tirantes.<\/p>\n","protected":false},"featured_media":33698,"comment_status":"closed","ping_status":"closed","template":"","meta":{"_monsterinsights_skip_tracking":false,"_monsterinsights_sitenote_active":false,"_monsterinsights_sitenote_note":"","_monsterinsights_sitenote_category":0},"product_brand":[],"product_cat":[1950,1921],"product_tag":[2167],"class_list":{"0":"post-26000","1":"product","2":"type-product","3":"status-publish","4":"has-post-thumbnail","6":"product_cat-accessories-m-es","7":"product_cat-man-es","8":"product_tag-arneses","10":"first","11":"outofstock","12":"sale","13":"taxable","14":"shipping-taxable","15":"purchasable","16":"product-type-simple"},"yoast_head":"<!-- This site is optimized with the Yoast SEO plugin v27.5 - https:\/\/yoast.com\/product\/yoast-seo-wordpress\/ -->\n<title>ARN\u00c9S DE REJILLA NEGRO - Ruben Galarreta Tienda Online<\/title>\n<meta name=\"description\" content=\"El ARN\u00c9S DE REJILLA NEGRO para hombres es el complemento perfecto para dar a tus looks un toque m\u00e1s atrevido, \u00fanico y personal.\" \/>\n<meta name=\"robots\" content=\"index, follow, max-snippet:-1, max-image-preview:large, max-video-preview:-1\" \/>\n<link rel=\"canonical\" href=\"https:\/\/www.rubengalarreta.com\/es\/product\/man-es\/accessories-m-es\/arnes-de-rejilla-negro\/\" \/>\n<meta property=\"og:locale\" content=\"es_ES\" \/>\n<meta property=\"og:type\" content=\"article\" \/>\n<meta property=\"og:title\" content=\"ARN\u00c9S DE REJILLA NEGRO - Ruben Galarreta Tienda Online\" \/>\n<meta property=\"og:description\" content=\"El ARN\u00c9S DE REJILLA NEGRO para hombres es el complemento perfecto para dar a tus looks un toque m\u00e1s atrevido, \u00fanico y personal.\" \/>\n<meta property=\"og:url\" content=\"https:\/\/www.rubengalarreta.com\/es\/product\/man-es\/accessories-m-es\/arnes-de-rejilla-negro\/\" \/>\n<meta property=\"og:site_name\" content=\"Ruben Galarreta\" \/>\n<meta property=\"article:modified_time\" content=\"2021-11-05T09:36:12+00:00\" \/>\n<meta property=\"og:image\" content=\"https:\/\/www.rubengalarreta.com\/wp-content\/uploads\/2019\/12\/BLACK-MESH-CHEST-HARNESS-FRONT.jpg\" \/>\n\t<meta property=\"og:image:width\" content=\"704\" \/>\n\t<meta property=\"og:image:height\" content=\"1000\" \/>\n\t<meta property=\"og:image:type\" content=\"image\/jpeg\" \/>\n<meta name=\"twitter:card\" content=\"summary_large_image\" \/>\n<meta name=\"twitter:label1\" content=\"Tiempo de lectura\" \/>\n\t<meta name=\"twitter:data1\" content=\"2 minutos\" \/>\n<script type=\"application\/ld+json\" class=\"yoast-schema-graph\">{\"@context\":\"https:\\\/\\\/schema.org\",\"@graph\":[{\"@type\":\"WebPage\",\"@id\":\"https:\\\/\\\/www.rubengalarreta.com\\\/es\\\/product\\\/man-es\\\/accessories-m-es\\\/arnes-de-rejilla-negro\\\/\",\"url\":\"https:\\\/\\\/www.rubengalarreta.com\\\/es\\\/product\\\/man-es\\\/accessories-m-es\\\/arnes-de-rejilla-negro\\\/\",\"name\":\"ARN\u00c9S DE REJILLA NEGRO - Ruben Galarreta Tienda Online\",\"isPartOf\":{\"@id\":\"https:\\\/\\\/www.rubengalarreta.com\\\/es\\\/#website\"},\"primaryImageOfPage\":{\"@id\":\"https:\\\/\\\/www.rubengalarreta.com\\\/es\\\/product\\\/man-es\\\/accessories-m-es\\\/arnes-de-rejilla-negro\\\/#primaryimage\"},\"image\":{\"@id\":\"https:\\\/\\\/www.rubengalarreta.com\\\/es\\\/product\\\/man-es\\\/accessories-m-es\\\/arnes-de-rejilla-negro\\\/#primaryimage\"},\"thumbnailUrl\":\"https:\\\/\\\/www.rubengalarreta.com\\\/wp-content\\\/uploads\\\/2019\\\/12\\\/BLACK-MESH-CHEST-HARNESS-FRONT.jpg\",\"datePublished\":\"2016-12-12T13:56:54+00:00\",\"dateModified\":\"2021-11-05T09:36:12+00:00\",\"description\":\"El ARN\u00c9S DE REJILLA NEGRO para hombres es el complemento perfecto para dar a tus looks un toque m\u00e1s atrevido, \u00fanico y personal.\",\"breadcrumb\":{\"@id\":\"https:\\\/\\\/www.rubengalarreta.com\\\/es\\\/product\\\/man-es\\\/accessories-m-es\\\/arnes-de-rejilla-negro\\\/#breadcrumb\"},\"inLanguage\":\"es\",\"potentialAction\":[{\"@type\":\"ReadAction\",\"target\":[\"https:\\\/\\\/www.rubengalarreta.com\\\/es\\\/product\\\/man-es\\\/accessories-m-es\\\/arnes-de-rejilla-negro\\\/\"]}]},{\"@type\":\"ImageObject\",\"inLanguage\":\"es\",\"@id\":\"https:\\\/\\\/www.rubengalarreta.com\\\/es\\\/product\\\/man-es\\\/accessories-m-es\\\/arnes-de-rejilla-negro\\\/#primaryimage\",\"url\":\"https:\\\/\\\/www.rubengalarreta.com\\\/wp-content\\\/uploads\\\/2019\\\/12\\\/BLACK-MESH-CHEST-HARNESS-FRONT.jpg\",\"contentUrl\":\"https:\\\/\\\/www.rubengalarreta.com\\\/wp-content\\\/uploads\\\/2019\\\/12\\\/BLACK-MESH-CHEST-HARNESS-FRONT.jpg\",\"width\":704,\"height\":1000,\"caption\":\"Black Chest Harness for men by Ruben Galarreta\"},{\"@type\":\"BreadcrumbList\",\"@id\":\"https:\\\/\\\/www.rubengalarreta.com\\\/es\\\/product\\\/man-es\\\/accessories-m-es\\\/arnes-de-rejilla-negro\\\/#breadcrumb\",\"itemListElement\":[{\"@type\":\"ListItem\",\"position\":1,\"name\":\"Home\",\"item\":\"https:\\\/\\\/www.rubengalarreta.com\\\/es\\\/\"},{\"@type\":\"ListItem\",\"position\":2,\"name\":\"Tienda Online\",\"item\":\"https:\\\/\\\/www.rubengalarreta.com\\\/es\\\/tienda-2\\\/\"},{\"@type\":\"ListItem\",\"position\":3,\"name\":\"ARN\u00c9S DE REJILLA NEGRO\"}]},{\"@type\":\"WebSite\",\"@id\":\"https:\\\/\\\/www.rubengalarreta.com\\\/es\\\/#website\",\"url\":\"https:\\\/\\\/www.rubengalarreta.com\\\/es\\\/\",\"name\":\"Ruben Galarreta\",\"description\":\"Hot Couture | Online Store\",\"publisher\":{\"@id\":\"https:\\\/\\\/www.rubengalarreta.com\\\/es\\\/#organization\"},\"potentialAction\":[{\"@type\":\"SearchAction\",\"target\":{\"@type\":\"EntryPoint\",\"urlTemplate\":\"https:\\\/\\\/www.rubengalarreta.com\\\/es\\\/?s={search_term_string}\"},\"query-input\":{\"@type\":\"PropertyValueSpecification\",\"valueRequired\":true,\"valueName\":\"search_term_string\"}}],\"inLanguage\":\"es\"},{\"@type\":\"Organization\",\"@id\":\"https:\\\/\\\/www.rubengalarreta.com\\\/es\\\/#organization\",\"name\":\"Ruben Galarreta\",\"url\":\"https:\\\/\\\/www.rubengalarreta.com\\\/es\\\/\",\"logo\":{\"@type\":\"ImageObject\",\"inLanguage\":\"es\",\"@id\":\"https:\\\/\\\/www.rubengalarreta.com\\\/es\\\/#\\\/schema\\\/logo\\\/image\\\/\",\"url\":\"https:\\\/\\\/www.rubengalarreta.com\\\/wp-content\\\/uploads\\\/2019\\\/10\\\/rubengalarreta-menswear.jpg\",\"contentUrl\":\"https:\\\/\\\/www.rubengalarreta.com\\\/wp-content\\\/uploads\\\/2019\\\/10\\\/rubengalarreta-menswear.jpg\",\"width\":1141,\"height\":146,\"caption\":\"Ruben Galarreta\"},\"image\":{\"@id\":\"https:\\\/\\\/www.rubengalarreta.com\\\/es\\\/#\\\/schema\\\/logo\\\/image\\\/\"}}]}<\/script>\n<!-- \/ Yoast SEO plugin. -->","yoast_head_json":{"title":"ARN\u00c9S DE REJILLA NEGRO - Ruben Galarreta Tienda Online","description":"El ARN\u00c9S DE REJILLA NEGRO para hombres es el complemento perfecto para dar a tus looks un toque m\u00e1s atrevido, \u00fanico y personal.","robots":{"index":"index","follow":"follow","max-snippet":"max-snippet:-1","max-image-preview":"max-image-preview:large","max-video-preview":"max-video-preview:-1"},"canonical":"https:\/\/www.rubengalarreta.com\/es\/product\/man-es\/accessories-m-es\/arnes-de-rejilla-negro\/","og_locale":"es_ES","og_type":"article","og_title":"ARN\u00c9S DE REJILLA NEGRO - Ruben Galarreta Tienda Online","og_description":"El ARN\u00c9S DE REJILLA NEGRO para hombres es el complemento perfecto para dar a tus looks un toque m\u00e1s atrevido, \u00fanico y personal.","og_url":"https:\/\/www.rubengalarreta.com\/es\/product\/man-es\/accessories-m-es\/arnes-de-rejilla-negro\/","og_site_name":"Ruben Galarreta","article_modified_time":"2021-11-05T09:36:12+00:00","og_image":[{"width":704,"height":1000,"url":"https:\/\/www.rubengalarreta.com\/wp-content\/uploads\/2019\/12\/BLACK-MESH-CHEST-HARNESS-FRONT.jpg","type":"image\/jpeg"}],"twitter_card":"summary_large_image","twitter_misc":{"Tiempo de lectura":"2 minutos"},"schema":{"@context":"https:\/\/schema.org","@graph":[{"@type":"WebPage","@id":"https:\/\/www.rubengalarreta.com\/es\/product\/man-es\/accessories-m-es\/arnes-de-rejilla-negro\/","url":"https:\/\/www.rubengalarreta.com\/es\/product\/man-es\/accessories-m-es\/arnes-de-rejilla-negro\/","name":"ARN\u00c9S DE REJILLA NEGRO - Ruben Galarreta Tienda Online","isPartOf":{"@id":"https:\/\/www.rubengalarreta.com\/es\/#website"},"primaryImageOfPage":{"@id":"https:\/\/www.rubengalarreta.com\/es\/product\/man-es\/accessories-m-es\/arnes-de-rejilla-negro\/#primaryimage"},"image":{"@id":"https:\/\/www.rubengalarreta.com\/es\/product\/man-es\/accessories-m-es\/arnes-de-rejilla-negro\/#primaryimage"},"thumbnailUrl":"https:\/\/www.rubengalarreta.com\/wp-content\/uploads\/2019\/12\/BLACK-MESH-CHEST-HARNESS-FRONT.jpg","datePublished":"2016-12-12T13:56:54+00:00","dateModified":"2021-11-05T09:36:12+00:00","description":"El ARN\u00c9S DE REJILLA NEGRO para hombres es el complemento perfecto para dar a tus looks un toque m\u00e1s atrevido, \u00fanico y personal.","breadcrumb":{"@id":"https:\/\/www.rubengalarreta.com\/es\/product\/man-es\/accessories-m-es\/arnes-de-rejilla-negro\/#breadcrumb"},"inLanguage":"es","potentialAction":[{"@type":"ReadAction","target":["https:\/\/www.rubengalarreta.com\/es\/product\/man-es\/accessories-m-es\/arnes-de-rejilla-negro\/"]}]},{"@type":"ImageObject","inLanguage":"es","@id":"https:\/\/www.rubengalarreta.com\/es\/product\/man-es\/accessories-m-es\/arnes-de-rejilla-negro\/#primaryimage","url":"https:\/\/www.rubengalarreta.com\/wp-content\/uploads\/2019\/12\/BLACK-MESH-CHEST-HARNESS-FRONT.jpg","contentUrl":"https:\/\/www.rubengalarreta.com\/wp-content\/uploads\/2019\/12\/BLACK-MESH-CHEST-HARNESS-FRONT.jpg","width":704,"height":1000,"caption":"Black Chest Harness for men by Ruben Galarreta"},{"@type":"BreadcrumbList","@id":"https:\/\/www.rubengalarreta.com\/es\/product\/man-es\/accessories-m-es\/arnes-de-rejilla-negro\/#breadcrumb","itemListElement":[{"@type":"ListItem","position":1,"name":"Home","item":"https:\/\/www.rubengalarreta.com\/es\/"},{"@type":"ListItem","position":2,"name":"Tienda Online","item":"https:\/\/www.rubengalarreta.com\/es\/tienda-2\/"},{"@type":"ListItem","position":3,"name":"ARN\u00c9S DE REJILLA NEGRO"}]},{"@type":"WebSite","@id":"https:\/\/www.rubengalarreta.com\/es\/#website","url":"https:\/\/www.rubengalarreta.com\/es\/","name":"Ruben Galarreta","description":"Hot Couture | Online Store","publisher":{"@id":"https:\/\/www.rubengalarreta.com\/es\/#organization"},"potentialAction":[{"@type":"SearchAction","target":{"@type":"EntryPoint","urlTemplate":"https:\/\/www.rubengalarreta.com\/es\/?s={search_term_string}"},"query-input":{"@type":"PropertyValueSpecification","valueRequired":true,"valueName":"search_term_string"}}],"inLanguage":"es"},{"@type":"Organization","@id":"https:\/\/www.rubengalarreta.com\/es\/#organization","name":"Ruben Galarreta","url":"https:\/\/www.rubengalarreta.com\/es\/","logo":{"@type":"ImageObject","inLanguage":"es","@id":"https:\/\/www.rubengalarreta.com\/es\/#\/schema\/logo\/image\/","url":"https:\/\/www.rubengalarreta.com\/wp-content\/uploads\/2019\/10\/rubengalarreta-menswear.jpg","contentUrl":"https:\/\/www.rubengalarreta.com\/wp-content\/uploads\/2019\/10\/rubengalarreta-menswear.jpg","width":1141,"height":146,"caption":"Ruben Galarreta"},"image":{"@id":"https:\/\/www.rubengalarreta.com\/es\/#\/schema\/logo\/image\/"}}]}},"_links":{"self":[{"href":"https:\/\/www.rubengalarreta.com\/es\/wp-json\/wp\/v2\/product\/26000","targetHints":{"allow":["GET"]}}],"collection":[{"href":"https:\/\/www.rubengalarreta.com\/es\/wp-json\/wp\/v2\/product"}],"about":[{"href":"https:\/\/www.rubengalarreta.com\/es\/wp-json\/wp\/v2\/types\/product"}],"replies":[{"embeddable":true,"href":"https:\/\/www.rubengalarreta.com\/es\/wp-json\/wp\/v2\/comments?post=26000"}],"wp:featuredmedia":[{"embeddable":true,"href":"https:\/\/www.rubengalarreta.com\/es\/wp-json\/wp\/v2\/media\/33698"}],"wp:attachment":[{"href":"https:\/\/www.rubengalarreta.com\/es\/wp-json\/wp\/v2\/media?parent=26000"}],"wp:term":[{"taxonomy":"product_brand","embeddable":true,"href":"https:\/\/www.rubengalarreta.com\/es\/wp-json\/wp\/v2\/product_brand?post=26000"},{"taxonomy":"product_cat","embeddable":true,"href":"https:\/\/www.rubengalarreta.com\/es\/wp-json\/wp\/v2\/product_cat?post=26000"},{"taxonomy":"product_tag","embeddable":true,"href":"https:\/\/www.rubengalarreta.com\/es\/wp-json\/wp\/v2\/product_tag?post=26000"}],"curies":[{"name":"wp","href":"https:\/\/api.w.org\/{rel}","templated":true}]}}