{"id":25940,"date":"2017-06-08T06:58:20","date_gmt":"2017-06-08T04:58:20","guid":{"rendered":"https:\/\/www.rubengalarreta.com\/product\/sin%20categor\u00eda\/white-mesh-chest-harness\/"},"modified":"2021-10-29T11:12:32","modified_gmt":"2021-10-29T09:12:32","slug":"white-mesh-chest-harness","status":"publish","type":"product","link":"https:\/\/www.rubengalarreta.com\/es\/product\/man-es\/accessories-m-es\/white-mesh-chest-harness\/","title":{"rendered":"WHITE MESH CHEST HARNESS"},"content":{"rendered":"<p>WHITE MESH CHEST HARNESS<\/p>\n<table style=\"width: 100%; border-collapse: collapse; border-style: none;\">\n<tbody>\n<tr style=\"height: 62px;\">\n<td style=\"width: 50%; vertical-align: top; height: 62px; border-style: hidden;\"><strong><span style=\"color: #000000;\"><span style=\"font-family: trebuchet ms, geneva, sans-serif;\">DETALLES DE PRODUCTO:<\/span><\/span><\/strong><br \/>\n<span style=\"font-family: 'trebuchet ms', geneva, sans-serif; color: #999999;\">-Tejido de malla blanca<br \/>\n-Cuello alto de tela de algod\u00f3n<br \/>\n-Cremallera met\u00e1lica plateada en la parte delantera<br \/>\n-Detalle el\u00e1stico customizado<\/span><\/td>\n<td style=\"width: 50%; vertical-align: top; height: 62px; border-style: hidden;\"><strong><span style=\"color: #000000;\"><span style=\"font-family: trebuchet ms, geneva, sans-serif;\">TALLA:<\/span><\/span><\/strong><span style=\"color: #000000;\"><span style=\"font-family: trebuchet ms, geneva, sans-serif;\"><br \/>\n<\/span><\/span><span style=\"color: #999999;\"><span style=\"font-family: trebuchet ms, geneva, sans-serif;\">-Ajuste Slim<\/span><\/span><span style=\"color: #999999;\"><span style=\"font-family: trebuchet ms, geneva, sans-serif;\">-Universal.<\/span><\/span><\/td>\n<\/tr>\n<tr style=\"height: 91px;\">\n<td style=\"width: 50%; vertical-align: top; height: 91px; border-style: hidden;\"><strong><span style=\"color: #000000;\"><span style=\"font-family: trebuchet ms, geneva, sans-serif;\">CUIDADOS<\/span><\/span><\/strong><span style=\"color: #000000;\"><span style=\"font-family: trebuchet ms, geneva, sans-serif;\">:<\/span><\/span><br \/>\n<span style=\"font-family: 'trebuchet ms', geneva, sans-serif; color: #999999;\">-F\u00e1cil planchado y lavado a m\u00e1quina seg\u00fan las instrucciones de cuidado en la etiqueta<\/span><\/td>\n<td style=\"width: 50%; vertical-align: top; height: 91px; border-style: hidden;\"><strong><span style=\"color: #000000;\"><span style=\"font-family: trebuchet ms, geneva, sans-serif;\">MEDIDAS<\/span><\/span><\/strong><strong><span style=\"color: #000000;\"><span style=\"font-family: trebuchet ms, geneva, sans-serif;\">\u00a0MODELO:<br \/>\n<\/span><\/span><\/strong><span style=\"color: #999999;\"><span style=\"font-family: trebuchet ms, geneva, sans-serif;\">-Altura del modelo: 185 cm \/ 6&#8242;.10\u00bb<\/span><\/span><br \/>\n<span style=\"color: #999999;\"><span style=\"font-family: trebuchet ms, geneva, sans-serif;\">-El modelo usa: Talla universal<\/span><\/span><\/td>\n<\/tr>\n<\/tbody>\n<\/table>\n<h4><strong>Descripci\u00f3n:<\/strong><\/h4>\n<p>El arn\u00e9s de pecho para hombre WHITE MESH CHEST HARNESS de malla blanca est\u00e1 hecho con el el\u00e1stico Rub\u00e9n Galarreta personalizado y la tela de malla blanca, con una nueva versi\u00f3n del cl\u00e1sico que el dise\u00f1ador ha incorporado un detalle de cremallera de metal plateado en la parte delantera para darle estilo y funcionalidad. Esta inspirado en la ropa deportiva, la ropa de esta colecci\u00f3n tiene una actitud m\u00e1s casual y tiene su origen en el campo de juego, en la ropa de calle y de trabajo. Este arn\u00e9s de pecho tiene un cuello alto que est\u00e1 hecho con tela de algod\u00f3n que se ajusta c\u00f3modamente a tu cuello.<\/p>\n<p><span lang=\"es\">Con el arn\u00e9s WHITE MESH CHEST HARNESS para hombre es de tallaje universal. Ser\u00e1s el m\u00e1s envidiado en las mejores fiestas gay a las que vayas o utilizarlo para otras ocasiones mas intimas d\u00e1ndote un look provocativo. A\u00f1ade tu toque personal, atrevido y diferente a todos tus outfits favoritos gracias a su versatilidad y facilidad para combinar. <\/span>Con este arn\u00e9s, puede mejorar f\u00e1cilmente el estado de \u00e1nimo de cualquiera de sus estilos y pasar de un aspecto normal a moderno y \u00fanico con el que destacaras entre la multitud.<\/p>\n<h4><strong>Recomendaciones de estilo:<\/strong><\/h4>\n<h4>El dise\u00f1ador recomienda combinar WHITE MESH CHEST HARNESS con una camisa con cremallera a rayas transparentes y los pantalones de ch\u00e1ndal a rayas transparentes con sandalias.<\/h4>\n<p>Para un atuendo m\u00e1s informal, puede usarlo encima de una camiseta negra s\u00f3lida con pantalones cortos y zapatillas de deporte, complet\u00e1ndolo con uno de nuestros arneses como el <a href=\"https:\/\/www.rubengalarreta.com\/es\/product\/man-es\/accessories-m-es\/legging-harness\/\">LEGGING HARNESS.<\/a><\/p>\n<p>&nbsp;<\/p>\n","protected":false},"excerpt":{"rendered":"<p>WHITE MESH CHEST HARNESS<\/p>\n<p>El WHITE MESH CHEST HARNESS est\u00e1 hecho con el el\u00e1stico Rub\u00e9n Galarreta personalizado y la tela de malla blanca, con una nueva versi\u00f3n del cl\u00e1sico que el dise\u00f1ador ha incorporado un detalle de cremallera de metal plateado en la parte delantera.<\/p>\n","protected":false},"featured_media":29997,"comment_status":"closed","ping_status":"closed","template":"","meta":{"_monsterinsights_skip_tracking":false,"_monsterinsights_sitenote_active":false,"_monsterinsights_sitenote_note":"","_monsterinsights_sitenote_category":0},"product_brand":[],"product_cat":[1950,1921],"product_tag":[2167],"class_list":{"0":"post-25940","1":"product","2":"type-product","3":"status-publish","4":"has-post-thumbnail","6":"product_cat-accessories-m-es","7":"product_cat-man-es","8":"product_tag-arneses","10":"first","11":"outofstock","12":"sale","13":"featured","14":"taxable","15":"shipping-taxable","16":"purchasable","17":"product-type-simple"},"yoast_head":"<!-- This site is optimized with the Yoast SEO plugin v27.3 - https:\/\/yoast.com\/product\/yoast-seo-wordpress\/ -->\n<title>WHITE MESH CHEST HARNESS - Ruben Galarreta Tienda Online<\/title>\n<meta name=\"description\" content=\"El arnes WHITE MESH CHEST HARNESS para hombre ahora con cremallera plateda es ideal para sentirte sexy y llamativo en cualquier fiesta gay.\" \/>\n<meta name=\"robots\" content=\"index, follow, max-snippet:-1, max-image-preview:large, max-video-preview:-1\" \/>\n<link rel=\"canonical\" href=\"https:\/\/www.rubengalarreta.com\/es\/product\/man-es\/accessories-m-es\/white-mesh-chest-harness\/\" \/>\n<meta property=\"og:locale\" content=\"es_ES\" \/>\n<meta property=\"og:type\" content=\"article\" \/>\n<meta property=\"og:title\" content=\"WHITE MESH CHEST HARNESS - Ruben Galarreta Tienda Online\" \/>\n<meta property=\"og:description\" content=\"El arnes WHITE MESH CHEST HARNESS para hombre ahora con cremallera plateda es ideal para sentirte sexy y llamativo en cualquier fiesta gay.\" \/>\n<meta property=\"og:url\" content=\"https:\/\/www.rubengalarreta.com\/es\/product\/man-es\/accessories-m-es\/white-mesh-chest-harness\/\" \/>\n<meta property=\"og:site_name\" content=\"Ruben Galarreta\" \/>\n<meta property=\"article:modified_time\" content=\"2021-10-29T09:12:32+00:00\" \/>\n<meta property=\"og:image\" content=\"https:\/\/www.rubengalarreta.com\/wp-content\/uploads\/2019\/12\/WHITE-MESH-CHEST-HARNESS-FRONT-2.jpg\" \/>\n\t<meta property=\"og:image:width\" content=\"704\" \/>\n\t<meta property=\"og:image:height\" content=\"1000\" \/>\n\t<meta property=\"og:image:type\" content=\"image\/jpeg\" \/>\n<meta name=\"twitter:card\" content=\"summary_large_image\" \/>\n<meta name=\"twitter:label1\" content=\"Tiempo de lectura\" \/>\n\t<meta name=\"twitter:data1\" content=\"2 minutos\" \/>\n<script type=\"application\/ld+json\" class=\"yoast-schema-graph\">{\"@context\":\"https:\\\/\\\/schema.org\",\"@graph\":[{\"@type\":\"WebPage\",\"@id\":\"https:\\\/\\\/www.rubengalarreta.com\\\/es\\\/product\\\/man-es\\\/accessories-m-es\\\/white-mesh-chest-harness\\\/\",\"url\":\"https:\\\/\\\/www.rubengalarreta.com\\\/es\\\/product\\\/man-es\\\/accessories-m-es\\\/white-mesh-chest-harness\\\/\",\"name\":\"WHITE MESH CHEST HARNESS - Ruben Galarreta Tienda Online\",\"isPartOf\":{\"@id\":\"https:\\\/\\\/www.rubengalarreta.com\\\/es\\\/#website\"},\"primaryImageOfPage\":{\"@id\":\"https:\\\/\\\/www.rubengalarreta.com\\\/es\\\/product\\\/man-es\\\/accessories-m-es\\\/white-mesh-chest-harness\\\/#primaryimage\"},\"image\":{\"@id\":\"https:\\\/\\\/www.rubengalarreta.com\\\/es\\\/product\\\/man-es\\\/accessories-m-es\\\/white-mesh-chest-harness\\\/#primaryimage\"},\"thumbnailUrl\":\"https:\\\/\\\/www.rubengalarreta.com\\\/wp-content\\\/uploads\\\/2017\\\/06\\\/ruben-galarreta-fashion-white-mesh-harness-zoom.jpg\",\"datePublished\":\"2017-06-08T04:58:20+00:00\",\"dateModified\":\"2021-10-29T09:12:32+00:00\",\"description\":\"El arnes WHITE MESH CHEST HARNESS para hombre ahora con cremallera plateda es ideal para sentirte sexy y llamativo en cualquier fiesta gay.\",\"breadcrumb\":{\"@id\":\"https:\\\/\\\/www.rubengalarreta.com\\\/es\\\/product\\\/man-es\\\/accessories-m-es\\\/white-mesh-chest-harness\\\/#breadcrumb\"},\"inLanguage\":\"es\",\"potentialAction\":[{\"@type\":\"ReadAction\",\"target\":[\"https:\\\/\\\/www.rubengalarreta.com\\\/es\\\/product\\\/man-es\\\/accessories-m-es\\\/white-mesh-chest-harness\\\/\"]}]},{\"@type\":\"ImageObject\",\"inLanguage\":\"es\",\"@id\":\"https:\\\/\\\/www.rubengalarreta.com\\\/es\\\/product\\\/man-es\\\/accessories-m-es\\\/white-mesh-chest-harness\\\/#primaryimage\",\"url\":\"https:\\\/\\\/www.rubengalarreta.com\\\/wp-content\\\/uploads\\\/2017\\\/06\\\/ruben-galarreta-fashion-white-mesh-harness-zoom.jpg\",\"contentUrl\":\"https:\\\/\\\/www.rubengalarreta.com\\\/wp-content\\\/uploads\\\/2017\\\/06\\\/ruben-galarreta-fashion-white-mesh-harness-zoom.jpg\",\"width\":704,\"height\":1000,\"caption\":\"White mesh harness for man by Ruben Galarreta\"},{\"@type\":\"BreadcrumbList\",\"@id\":\"https:\\\/\\\/www.rubengalarreta.com\\\/es\\\/product\\\/man-es\\\/accessories-m-es\\\/white-mesh-chest-harness\\\/#breadcrumb\",\"itemListElement\":[{\"@type\":\"ListItem\",\"position\":1,\"name\":\"Home\",\"item\":\"https:\\\/\\\/www.rubengalarreta.com\\\/es\\\/\"},{\"@type\":\"ListItem\",\"position\":2,\"name\":\"Tienda Online\",\"item\":\"https:\\\/\\\/www.rubengalarreta.com\\\/es\\\/tienda-2\\\/\"},{\"@type\":\"ListItem\",\"position\":3,\"name\":\"WHITE MESH CHEST HARNESS\"}]},{\"@type\":\"WebSite\",\"@id\":\"https:\\\/\\\/www.rubengalarreta.com\\\/es\\\/#website\",\"url\":\"https:\\\/\\\/www.rubengalarreta.com\\\/es\\\/\",\"name\":\"Ruben Galarreta\",\"description\":\"Hot Couture | Online Store\",\"publisher\":{\"@id\":\"https:\\\/\\\/www.rubengalarreta.com\\\/es\\\/#organization\"},\"potentialAction\":[{\"@type\":\"SearchAction\",\"target\":{\"@type\":\"EntryPoint\",\"urlTemplate\":\"https:\\\/\\\/www.rubengalarreta.com\\\/es\\\/?s={search_term_string}\"},\"query-input\":{\"@type\":\"PropertyValueSpecification\",\"valueRequired\":true,\"valueName\":\"search_term_string\"}}],\"inLanguage\":\"es\"},{\"@type\":\"Organization\",\"@id\":\"https:\\\/\\\/www.rubengalarreta.com\\\/es\\\/#organization\",\"name\":\"Ruben Galarreta\",\"url\":\"https:\\\/\\\/www.rubengalarreta.com\\\/es\\\/\",\"logo\":{\"@type\":\"ImageObject\",\"inLanguage\":\"es\",\"@id\":\"https:\\\/\\\/www.rubengalarreta.com\\\/es\\\/#\\\/schema\\\/logo\\\/image\\\/\",\"url\":\"https:\\\/\\\/www.rubengalarreta.com\\\/wp-content\\\/uploads\\\/2019\\\/10\\\/rubengalarreta-menswear.jpg\",\"contentUrl\":\"https:\\\/\\\/www.rubengalarreta.com\\\/wp-content\\\/uploads\\\/2019\\\/10\\\/rubengalarreta-menswear.jpg\",\"width\":1141,\"height\":146,\"caption\":\"Ruben Galarreta\"},\"image\":{\"@id\":\"https:\\\/\\\/www.rubengalarreta.com\\\/es\\\/#\\\/schema\\\/logo\\\/image\\\/\"}}]}<\/script>\n<!-- \/ Yoast SEO plugin. -->","yoast_head_json":{"title":"WHITE MESH CHEST HARNESS - Ruben Galarreta Tienda Online","description":"El arnes WHITE MESH CHEST HARNESS para hombre ahora con cremallera plateda es ideal para sentirte sexy y llamativo en cualquier fiesta gay.","robots":{"index":"index","follow":"follow","max-snippet":"max-snippet:-1","max-image-preview":"max-image-preview:large","max-video-preview":"max-video-preview:-1"},"canonical":"https:\/\/www.rubengalarreta.com\/es\/product\/man-es\/accessories-m-es\/white-mesh-chest-harness\/","og_locale":"es_ES","og_type":"article","og_title":"WHITE MESH CHEST HARNESS - Ruben Galarreta Tienda Online","og_description":"El arnes WHITE MESH CHEST HARNESS para hombre ahora con cremallera plateda es ideal para sentirte sexy y llamativo en cualquier fiesta gay.","og_url":"https:\/\/www.rubengalarreta.com\/es\/product\/man-es\/accessories-m-es\/white-mesh-chest-harness\/","og_site_name":"Ruben Galarreta","article_modified_time":"2021-10-29T09:12:32+00:00","og_image":[{"width":704,"height":1000,"url":"https:\/\/www.rubengalarreta.com\/wp-content\/uploads\/2019\/12\/WHITE-MESH-CHEST-HARNESS-FRONT-2.jpg","type":"image\/jpeg"}],"twitter_card":"summary_large_image","twitter_misc":{"Tiempo de lectura":"2 minutos"},"schema":{"@context":"https:\/\/schema.org","@graph":[{"@type":"WebPage","@id":"https:\/\/www.rubengalarreta.com\/es\/product\/man-es\/accessories-m-es\/white-mesh-chest-harness\/","url":"https:\/\/www.rubengalarreta.com\/es\/product\/man-es\/accessories-m-es\/white-mesh-chest-harness\/","name":"WHITE MESH CHEST HARNESS - Ruben Galarreta Tienda Online","isPartOf":{"@id":"https:\/\/www.rubengalarreta.com\/es\/#website"},"primaryImageOfPage":{"@id":"https:\/\/www.rubengalarreta.com\/es\/product\/man-es\/accessories-m-es\/white-mesh-chest-harness\/#primaryimage"},"image":{"@id":"https:\/\/www.rubengalarreta.com\/es\/product\/man-es\/accessories-m-es\/white-mesh-chest-harness\/#primaryimage"},"thumbnailUrl":"https:\/\/www.rubengalarreta.com\/wp-content\/uploads\/2017\/06\/ruben-galarreta-fashion-white-mesh-harness-zoom.jpg","datePublished":"2017-06-08T04:58:20+00:00","dateModified":"2021-10-29T09:12:32+00:00","description":"El arnes WHITE MESH CHEST HARNESS para hombre ahora con cremallera plateda es ideal para sentirte sexy y llamativo en cualquier fiesta gay.","breadcrumb":{"@id":"https:\/\/www.rubengalarreta.com\/es\/product\/man-es\/accessories-m-es\/white-mesh-chest-harness\/#breadcrumb"},"inLanguage":"es","potentialAction":[{"@type":"ReadAction","target":["https:\/\/www.rubengalarreta.com\/es\/product\/man-es\/accessories-m-es\/white-mesh-chest-harness\/"]}]},{"@type":"ImageObject","inLanguage":"es","@id":"https:\/\/www.rubengalarreta.com\/es\/product\/man-es\/accessories-m-es\/white-mesh-chest-harness\/#primaryimage","url":"https:\/\/www.rubengalarreta.com\/wp-content\/uploads\/2017\/06\/ruben-galarreta-fashion-white-mesh-harness-zoom.jpg","contentUrl":"https:\/\/www.rubengalarreta.com\/wp-content\/uploads\/2017\/06\/ruben-galarreta-fashion-white-mesh-harness-zoom.jpg","width":704,"height":1000,"caption":"White mesh harness for man by Ruben Galarreta"},{"@type":"BreadcrumbList","@id":"https:\/\/www.rubengalarreta.com\/es\/product\/man-es\/accessories-m-es\/white-mesh-chest-harness\/#breadcrumb","itemListElement":[{"@type":"ListItem","position":1,"name":"Home","item":"https:\/\/www.rubengalarreta.com\/es\/"},{"@type":"ListItem","position":2,"name":"Tienda Online","item":"https:\/\/www.rubengalarreta.com\/es\/tienda-2\/"},{"@type":"ListItem","position":3,"name":"WHITE MESH CHEST HARNESS"}]},{"@type":"WebSite","@id":"https:\/\/www.rubengalarreta.com\/es\/#website","url":"https:\/\/www.rubengalarreta.com\/es\/","name":"Ruben Galarreta","description":"Hot Couture | Online Store","publisher":{"@id":"https:\/\/www.rubengalarreta.com\/es\/#organization"},"potentialAction":[{"@type":"SearchAction","target":{"@type":"EntryPoint","urlTemplate":"https:\/\/www.rubengalarreta.com\/es\/?s={search_term_string}"},"query-input":{"@type":"PropertyValueSpecification","valueRequired":true,"valueName":"search_term_string"}}],"inLanguage":"es"},{"@type":"Organization","@id":"https:\/\/www.rubengalarreta.com\/es\/#organization","name":"Ruben Galarreta","url":"https:\/\/www.rubengalarreta.com\/es\/","logo":{"@type":"ImageObject","inLanguage":"es","@id":"https:\/\/www.rubengalarreta.com\/es\/#\/schema\/logo\/image\/","url":"https:\/\/www.rubengalarreta.com\/wp-content\/uploads\/2019\/10\/rubengalarreta-menswear.jpg","contentUrl":"https:\/\/www.rubengalarreta.com\/wp-content\/uploads\/2019\/10\/rubengalarreta-menswear.jpg","width":1141,"height":146,"caption":"Ruben Galarreta"},"image":{"@id":"https:\/\/www.rubengalarreta.com\/es\/#\/schema\/logo\/image\/"}}]}},"_links":{"self":[{"href":"https:\/\/www.rubengalarreta.com\/es\/wp-json\/wp\/v2\/product\/25940","targetHints":{"allow":["GET"]}}],"collection":[{"href":"https:\/\/www.rubengalarreta.com\/es\/wp-json\/wp\/v2\/product"}],"about":[{"href":"https:\/\/www.rubengalarreta.com\/es\/wp-json\/wp\/v2\/types\/product"}],"replies":[{"embeddable":true,"href":"https:\/\/www.rubengalarreta.com\/es\/wp-json\/wp\/v2\/comments?post=25940"}],"wp:featuredmedia":[{"embeddable":true,"href":"https:\/\/www.rubengalarreta.com\/es\/wp-json\/wp\/v2\/media\/29997"}],"wp:attachment":[{"href":"https:\/\/www.rubengalarreta.com\/es\/wp-json\/wp\/v2\/media?parent=25940"}],"wp:term":[{"taxonomy":"product_brand","embeddable":true,"href":"https:\/\/www.rubengalarreta.com\/es\/wp-json\/wp\/v2\/product_brand?post=25940"},{"taxonomy":"product_cat","embeddable":true,"href":"https:\/\/www.rubengalarreta.com\/es\/wp-json\/wp\/v2\/product_cat?post=25940"},{"taxonomy":"product_tag","embeddable":true,"href":"https:\/\/www.rubengalarreta.com\/es\/wp-json\/wp\/v2\/product_tag?post=25940"}],"curies":[{"name":"wp","href":"https:\/\/api.w.org\/{rel}","templated":true}]}}