{"id":25839,"date":"2018-10-31T00:14:45","date_gmt":"2018-10-30T23:14:45","guid":{"rendered":"https:\/\/www.rubengalarreta.com\/product\/sin%20categor\u00eda\/choker-harness-2\/"},"modified":"2024-07-05T10:33:27","modified_gmt":"2024-07-05T08:33:27","slug":"choker-con-cadena-dorada","status":"publish","type":"product","link":"https:\/\/www.rubengalarreta.com\/es\/product\/man-es\/accessories-m-es\/choker-con-cadena-dorada\/","title":{"rendered":"CHOKER CON CADENA DORADA"},"content":{"rendered":"<h2><strong>CHOKER CON CADENA<\/strong><\/h2>\n<table style=\"width: 100%; border-collapse: collapse; border-style: none; height: 135px;\">\n<tbody>\n<tr style=\"height: 62px;\">\n<td style=\"width: 50%; vertical-align: top; height: 62px; border-style: hidden;\"><strong><span style=\"color: #000000;\"><span style=\"font-family: trebuchet ms, geneva, sans-serif;\">DETALLES DE PRODUCTO:<\/span><\/span><\/strong><br \/>\n<span style=\"font-family: 'trebuchet ms', geneva, sans-serif; color: #999999;\">-Anillos y cadenas dorados met\u00e1licos<\/span><br \/>\n<span style=\"font-family: 'trebuchet ms', geneva, sans-serif; color: #999999;\">-El\u00e1sticos ajustables con logo de Rub\u00e9n Galarreta v\u00e1lido para tallas grandes y peque\u00f1as<\/span><\/td>\n<td style=\"width: 50%; vertical-align: top; height: 62px; border-style: hidden;\"><strong><span style=\"color: #000000;\"><span style=\"font-family: trebuchet ms, geneva, sans-serif;\">TALLA:<\/span><\/span><\/strong><span style=\"color: #000000;\"><span style=\"font-family: trebuchet ms, geneva, sans-serif;\"><br \/>\n<\/span><\/span><span style=\"color: #999999;\"><span style=\"font-family: trebuchet ms, geneva, sans-serif;\">&#8211; Universal (para todas las tallas)<\/span><\/span><\/td>\n<\/tr>\n<tr style=\"height: 91px;\">\n<td style=\"width: 50%; vertical-align: top; height: 73px; border-style: hidden;\"><strong><span style=\"color: #000000;\"><span style=\"font-family: trebuchet ms, geneva, sans-serif;\">CUIDADOS<\/span><\/span><\/strong><span style=\"color: #000000;\"><span style=\"font-family: trebuchet ms, geneva, sans-serif;\">:<\/span><\/span><br \/>\n<span style=\"font-family: 'trebuchet ms', geneva, sans-serif; color: #999999;\">-Lavar a mano o con un pa\u00f1o h\u00famedo. Seguir instrucciones de cuidado en la etiqueta.<\/span><\/td>\n<td style=\"width: 50%; vertical-align: top; height: 73px; border-style: hidden;\"><strong><span style=\"color: #000000;\"><span style=\"font-family: trebuchet ms, geneva, sans-serif;\">MEDIDAS<\/span><\/span><\/strong><strong><span style=\"color: #000000;\"><span style=\"font-family: trebuchet ms, geneva, sans-serif;\">\u00a0MODELO:<br \/>\n<\/span><\/span><\/strong><span style=\"color: #999999;\"><span style=\"font-family: trebuchet ms, geneva, sans-serif;\">-Altura del modelo: 185 cm \/ 6&#8242;.08\u00bb<\/span><\/span><br \/>\n<span style=\"color: #999999;\"><span style=\"font-family: trebuchet ms, geneva, sans-serif;\">-El modelo usa: Talla universal<\/span><\/span><\/td>\n<\/tr>\n<\/tbody>\n<\/table>\n<h4><strong>DESCRIPCI\u00d3N<\/strong><\/h4>\n<p>El siempre tan popular CHOKER\u00a0 para hombres que regresa este a\u00f1o reinvent\u00e1ndose. Ha sido mejorado por el dise\u00f1ador y cualquiera que lo vea us\u00e1ndolo arder\u00e1 de envidia. Este CHOKER CON CADENA DORADA esta compuesta por un banda el\u00e1stica blanca con el logotipo GALARRETA en negro unida con un anillo dorado que destaca en el centro del cuello del que sale una cadena de oro que rodea el torso.<\/p>\n<p><span lang=\"es\">Con este CHOKER CON CADENA DORADA ser\u00e1s el m\u00e1s envidiado en las mejores fiestas gay a los que vayas, tambi\u00e9n puedes utilizarla para los momentos mas \u00edntimos en los que te dar\u00e1 una apariencia mas provocativa. A\u00f1ade tu toque personal, atrevido y diferente a todos tus outfits favoritos gracias a su versatilidad y facilidad para combinar. <\/span>Con este choker con logotipo GALARRETA, puede mejorar f\u00e1cilmente el estado de \u00e1nimo de cualquiera de sus estilos y pasar de un aspecto normal a moderno, d\u00e1ndote\u00a0 un toque \u00fanico con el que destacaras entre la multitud.<\/p>\n<h4><b>NOTA DE ESTILO<\/b><\/h4>\n<p>El dise\u00f1ador no te impedir\u00e1 llevar este CHOKER CON CADENA DORADA con lo que te guste. Sugiere que experimentes, haga todo lo posible y mezcle y combine diferentes atuendos con este accesorio ya que es accesorio muy vers\u00e1til y f\u00e1cil de combinar con cualquier prenda de tu armario.<\/p>\n<p>Puedes usar este CHOKER con colores lisos, prendas estampadas y cambiarla poni\u00e9ndola debajo del cuello. Las posibilidades son infinitas. Gracias a su versatilidad, podr\u00e1s lucirlo cuando y como quieras, siendo la envidia de todos. Adem\u00e1s la puedes usar para completar tu look con alguno de nuestros\u00a0<a href=\"https:\/\/www.rubengalarreta.com\/es\/product\/man-es\/accessories-m-es\/legging-harness\/\">LEGGING HARNESS.<\/a><\/p>\n","protected":false},"excerpt":{"rendered":"<h1><strong>CHOKER CON CADENA DORADA<\/strong><\/h1>\n<p style=\"text-align: left;\">El arn\u00e9s de gargantilla consta de un el\u00e1stico alrededor del cuello, conectado con un anillo de oro de donde nace una cadena que envuelve el torso. El el\u00e1stico es estirable y c\u00f3modo, siendo perfecto para las mejores fiestas gay donde no pasar\u00e1s desapercibido.<\/p>\n","protected":false},"featured_media":78438,"comment_status":"closed","ping_status":"closed","template":"","meta":{"_monsterinsights_skip_tracking":false,"_monsterinsights_sitenote_active":false,"_monsterinsights_sitenote_note":"","_monsterinsights_sitenote_category":0},"product_brand":[],"product_cat":[1950,1921],"product_tag":[2167],"class_list":{"0":"post-25839","1":"product","2":"type-product","3":"status-publish","4":"has-post-thumbnail","6":"product_cat-accessories-m-es","7":"product_cat-man-es","8":"product_tag-arneses","10":"first","11":"instock","12":"sale","13":"taxable","14":"shipping-taxable","15":"purchasable","16":"product-type-simple"},"yoast_head":"<!-- This site is optimized with the Yoast SEO plugin v27.3 - https:\/\/yoast.com\/product\/yoast-seo-wordpress\/ -->\n<title>CHOKER CON CADENA DORADA - Ruben Galarreta Tienda Online<\/title>\n<meta name=\"description\" content=\"El CHOKER CON CADENA DORADA para hombre con anillo y cadena dorada es perfecto para darte un toque diferente y llamativo en cualquier fiesta.\" \/>\n<meta name=\"robots\" content=\"index, follow, max-snippet:-1, max-image-preview:large, max-video-preview:-1\" \/>\n<link rel=\"canonical\" href=\"https:\/\/www.rubengalarreta.com\/es\/product\/man-es\/accessories-m-es\/choker-con-cadena-dorada\/\" \/>\n<meta property=\"og:locale\" content=\"es_ES\" \/>\n<meta property=\"og:type\" content=\"article\" \/>\n<meta property=\"og:title\" content=\"CHOKER CON CADENA DORADA - Ruben Galarreta Tienda Online\" \/>\n<meta property=\"og:description\" content=\"El CHOKER CON CADENA DORADA para hombre con anillo y cadena dorada es perfecto para darte un toque diferente y llamativo en cualquier fiesta.\" \/>\n<meta property=\"og:url\" content=\"https:\/\/www.rubengalarreta.com\/es\/product\/man-es\/accessories-m-es\/choker-con-cadena-dorada\/\" \/>\n<meta property=\"og:site_name\" content=\"Ruben Galarreta\" \/>\n<meta property=\"article:modified_time\" content=\"2024-07-05T08:33:27+00:00\" \/>\n<meta property=\"og:image\" content=\"https:\/\/www.rubengalarreta.com\/wp-content\/uploads\/2019\/12\/CHOKER-HARNESS-FRONT.webp\" \/>\n\t<meta property=\"og:image:width\" content=\"704\" \/>\n\t<meta property=\"og:image:height\" content=\"1000\" \/>\n\t<meta property=\"og:image:type\" content=\"image\/webp\" \/>\n<meta name=\"twitter:card\" content=\"summary_large_image\" \/>\n<meta name=\"twitter:label1\" content=\"Tiempo de lectura\" \/>\n\t<meta name=\"twitter:data1\" content=\"2 minutos\" \/>\n<script type=\"application\/ld+json\" class=\"yoast-schema-graph\">{\"@context\":\"https:\\\/\\\/schema.org\",\"@graph\":[{\"@type\":\"WebPage\",\"@id\":\"https:\\\/\\\/www.rubengalarreta.com\\\/es\\\/product\\\/man-es\\\/accessories-m-es\\\/choker-con-cadena-dorada\\\/\",\"url\":\"https:\\\/\\\/www.rubengalarreta.com\\\/es\\\/product\\\/man-es\\\/accessories-m-es\\\/choker-con-cadena-dorada\\\/\",\"name\":\"CHOKER CON CADENA DORADA - Ruben Galarreta Tienda Online\",\"isPartOf\":{\"@id\":\"https:\\\/\\\/www.rubengalarreta.com\\\/es\\\/#website\"},\"primaryImageOfPage\":{\"@id\":\"https:\\\/\\\/www.rubengalarreta.com\\\/es\\\/product\\\/man-es\\\/accessories-m-es\\\/choker-con-cadena-dorada\\\/#primaryimage\"},\"image\":{\"@id\":\"https:\\\/\\\/www.rubengalarreta.com\\\/es\\\/product\\\/man-es\\\/accessories-m-es\\\/choker-con-cadena-dorada\\\/#primaryimage\"},\"thumbnailUrl\":\"https:\\\/\\\/www.rubengalarreta.com\\\/wp-content\\\/uploads\\\/2019\\\/12\\\/CHOKER-HARNESS-FRONT.webp\",\"datePublished\":\"2018-10-30T23:14:45+00:00\",\"dateModified\":\"2024-07-05T08:33:27+00:00\",\"description\":\"El CHOKER CON CADENA DORADA para hombre con anillo y cadena dorada es perfecto para darte un toque diferente y llamativo en cualquier fiesta.\",\"breadcrumb\":{\"@id\":\"https:\\\/\\\/www.rubengalarreta.com\\\/es\\\/product\\\/man-es\\\/accessories-m-es\\\/choker-con-cadena-dorada\\\/#breadcrumb\"},\"inLanguage\":\"es\",\"potentialAction\":[{\"@type\":\"ReadAction\",\"target\":[\"https:\\\/\\\/www.rubengalarreta.com\\\/es\\\/product\\\/man-es\\\/accessories-m-es\\\/choker-con-cadena-dorada\\\/\"]}]},{\"@type\":\"ImageObject\",\"inLanguage\":\"es\",\"@id\":\"https:\\\/\\\/www.rubengalarreta.com\\\/es\\\/product\\\/man-es\\\/accessories-m-es\\\/choker-con-cadena-dorada\\\/#primaryimage\",\"url\":\"https:\\\/\\\/www.rubengalarreta.com\\\/wp-content\\\/uploads\\\/2019\\\/12\\\/CHOKER-HARNESS-FRONT.webp\",\"contentUrl\":\"https:\\\/\\\/www.rubengalarreta.com\\\/wp-content\\\/uploads\\\/2019\\\/12\\\/CHOKER-HARNESS-FRONT.webp\",\"width\":704,\"height\":1000},{\"@type\":\"BreadcrumbList\",\"@id\":\"https:\\\/\\\/www.rubengalarreta.com\\\/es\\\/product\\\/man-es\\\/accessories-m-es\\\/choker-con-cadena-dorada\\\/#breadcrumb\",\"itemListElement\":[{\"@type\":\"ListItem\",\"position\":1,\"name\":\"Home\",\"item\":\"https:\\\/\\\/www.rubengalarreta.com\\\/es\\\/\"},{\"@type\":\"ListItem\",\"position\":2,\"name\":\"Tienda Online\",\"item\":\"https:\\\/\\\/www.rubengalarreta.com\\\/es\\\/tienda-2\\\/\"},{\"@type\":\"ListItem\",\"position\":3,\"name\":\"CHOKER CON CADENA DORADA\"}]},{\"@type\":\"WebSite\",\"@id\":\"https:\\\/\\\/www.rubengalarreta.com\\\/es\\\/#website\",\"url\":\"https:\\\/\\\/www.rubengalarreta.com\\\/es\\\/\",\"name\":\"Ruben Galarreta\",\"description\":\"Hot Couture | Online Store\",\"publisher\":{\"@id\":\"https:\\\/\\\/www.rubengalarreta.com\\\/es\\\/#organization\"},\"potentialAction\":[{\"@type\":\"SearchAction\",\"target\":{\"@type\":\"EntryPoint\",\"urlTemplate\":\"https:\\\/\\\/www.rubengalarreta.com\\\/es\\\/?s={search_term_string}\"},\"query-input\":{\"@type\":\"PropertyValueSpecification\",\"valueRequired\":true,\"valueName\":\"search_term_string\"}}],\"inLanguage\":\"es\"},{\"@type\":\"Organization\",\"@id\":\"https:\\\/\\\/www.rubengalarreta.com\\\/es\\\/#organization\",\"name\":\"Ruben Galarreta\",\"url\":\"https:\\\/\\\/www.rubengalarreta.com\\\/es\\\/\",\"logo\":{\"@type\":\"ImageObject\",\"inLanguage\":\"es\",\"@id\":\"https:\\\/\\\/www.rubengalarreta.com\\\/es\\\/#\\\/schema\\\/logo\\\/image\\\/\",\"url\":\"https:\\\/\\\/www.rubengalarreta.com\\\/wp-content\\\/uploads\\\/2019\\\/10\\\/rubengalarreta-menswear.jpg\",\"contentUrl\":\"https:\\\/\\\/www.rubengalarreta.com\\\/wp-content\\\/uploads\\\/2019\\\/10\\\/rubengalarreta-menswear.jpg\",\"width\":1141,\"height\":146,\"caption\":\"Ruben Galarreta\"},\"image\":{\"@id\":\"https:\\\/\\\/www.rubengalarreta.com\\\/es\\\/#\\\/schema\\\/logo\\\/image\\\/\"}}]}<\/script>\n<!-- \/ Yoast SEO plugin. -->","yoast_head_json":{"title":"CHOKER CON CADENA DORADA - Ruben Galarreta Tienda Online","description":"El CHOKER CON CADENA DORADA para hombre con anillo y cadena dorada es perfecto para darte un toque diferente y llamativo en cualquier fiesta.","robots":{"index":"index","follow":"follow","max-snippet":"max-snippet:-1","max-image-preview":"max-image-preview:large","max-video-preview":"max-video-preview:-1"},"canonical":"https:\/\/www.rubengalarreta.com\/es\/product\/man-es\/accessories-m-es\/choker-con-cadena-dorada\/","og_locale":"es_ES","og_type":"article","og_title":"CHOKER CON CADENA DORADA - Ruben Galarreta Tienda Online","og_description":"El CHOKER CON CADENA DORADA para hombre con anillo y cadena dorada es perfecto para darte un toque diferente y llamativo en cualquier fiesta.","og_url":"https:\/\/www.rubengalarreta.com\/es\/product\/man-es\/accessories-m-es\/choker-con-cadena-dorada\/","og_site_name":"Ruben Galarreta","article_modified_time":"2024-07-05T08:33:27+00:00","og_image":[{"width":704,"height":1000,"url":"https:\/\/www.rubengalarreta.com\/wp-content\/uploads\/2019\/12\/CHOKER-HARNESS-FRONT.webp","type":"image\/webp"}],"twitter_card":"summary_large_image","twitter_misc":{"Tiempo de lectura":"2 minutos"},"schema":{"@context":"https:\/\/schema.org","@graph":[{"@type":"WebPage","@id":"https:\/\/www.rubengalarreta.com\/es\/product\/man-es\/accessories-m-es\/choker-con-cadena-dorada\/","url":"https:\/\/www.rubengalarreta.com\/es\/product\/man-es\/accessories-m-es\/choker-con-cadena-dorada\/","name":"CHOKER CON CADENA DORADA - Ruben Galarreta Tienda Online","isPartOf":{"@id":"https:\/\/www.rubengalarreta.com\/es\/#website"},"primaryImageOfPage":{"@id":"https:\/\/www.rubengalarreta.com\/es\/product\/man-es\/accessories-m-es\/choker-con-cadena-dorada\/#primaryimage"},"image":{"@id":"https:\/\/www.rubengalarreta.com\/es\/product\/man-es\/accessories-m-es\/choker-con-cadena-dorada\/#primaryimage"},"thumbnailUrl":"https:\/\/www.rubengalarreta.com\/wp-content\/uploads\/2019\/12\/CHOKER-HARNESS-FRONT.webp","datePublished":"2018-10-30T23:14:45+00:00","dateModified":"2024-07-05T08:33:27+00:00","description":"El CHOKER CON CADENA DORADA para hombre con anillo y cadena dorada es perfecto para darte un toque diferente y llamativo en cualquier fiesta.","breadcrumb":{"@id":"https:\/\/www.rubengalarreta.com\/es\/product\/man-es\/accessories-m-es\/choker-con-cadena-dorada\/#breadcrumb"},"inLanguage":"es","potentialAction":[{"@type":"ReadAction","target":["https:\/\/www.rubengalarreta.com\/es\/product\/man-es\/accessories-m-es\/choker-con-cadena-dorada\/"]}]},{"@type":"ImageObject","inLanguage":"es","@id":"https:\/\/www.rubengalarreta.com\/es\/product\/man-es\/accessories-m-es\/choker-con-cadena-dorada\/#primaryimage","url":"https:\/\/www.rubengalarreta.com\/wp-content\/uploads\/2019\/12\/CHOKER-HARNESS-FRONT.webp","contentUrl":"https:\/\/www.rubengalarreta.com\/wp-content\/uploads\/2019\/12\/CHOKER-HARNESS-FRONT.webp","width":704,"height":1000},{"@type":"BreadcrumbList","@id":"https:\/\/www.rubengalarreta.com\/es\/product\/man-es\/accessories-m-es\/choker-con-cadena-dorada\/#breadcrumb","itemListElement":[{"@type":"ListItem","position":1,"name":"Home","item":"https:\/\/www.rubengalarreta.com\/es\/"},{"@type":"ListItem","position":2,"name":"Tienda Online","item":"https:\/\/www.rubengalarreta.com\/es\/tienda-2\/"},{"@type":"ListItem","position":3,"name":"CHOKER CON CADENA DORADA"}]},{"@type":"WebSite","@id":"https:\/\/www.rubengalarreta.com\/es\/#website","url":"https:\/\/www.rubengalarreta.com\/es\/","name":"Ruben Galarreta","description":"Hot Couture | Online Store","publisher":{"@id":"https:\/\/www.rubengalarreta.com\/es\/#organization"},"potentialAction":[{"@type":"SearchAction","target":{"@type":"EntryPoint","urlTemplate":"https:\/\/www.rubengalarreta.com\/es\/?s={search_term_string}"},"query-input":{"@type":"PropertyValueSpecification","valueRequired":true,"valueName":"search_term_string"}}],"inLanguage":"es"},{"@type":"Organization","@id":"https:\/\/www.rubengalarreta.com\/es\/#organization","name":"Ruben Galarreta","url":"https:\/\/www.rubengalarreta.com\/es\/","logo":{"@type":"ImageObject","inLanguage":"es","@id":"https:\/\/www.rubengalarreta.com\/es\/#\/schema\/logo\/image\/","url":"https:\/\/www.rubengalarreta.com\/wp-content\/uploads\/2019\/10\/rubengalarreta-menswear.jpg","contentUrl":"https:\/\/www.rubengalarreta.com\/wp-content\/uploads\/2019\/10\/rubengalarreta-menswear.jpg","width":1141,"height":146,"caption":"Ruben Galarreta"},"image":{"@id":"https:\/\/www.rubengalarreta.com\/es\/#\/schema\/logo\/image\/"}}]}},"_links":{"self":[{"href":"https:\/\/www.rubengalarreta.com\/es\/wp-json\/wp\/v2\/product\/25839","targetHints":{"allow":["GET"]}}],"collection":[{"href":"https:\/\/www.rubengalarreta.com\/es\/wp-json\/wp\/v2\/product"}],"about":[{"href":"https:\/\/www.rubengalarreta.com\/es\/wp-json\/wp\/v2\/types\/product"}],"replies":[{"embeddable":true,"href":"https:\/\/www.rubengalarreta.com\/es\/wp-json\/wp\/v2\/comments?post=25839"}],"wp:featuredmedia":[{"embeddable":true,"href":"https:\/\/www.rubengalarreta.com\/es\/wp-json\/wp\/v2\/media\/78438"}],"wp:attachment":[{"href":"https:\/\/www.rubengalarreta.com\/es\/wp-json\/wp\/v2\/media?parent=25839"}],"wp:term":[{"taxonomy":"product_brand","embeddable":true,"href":"https:\/\/www.rubengalarreta.com\/es\/wp-json\/wp\/v2\/product_brand?post=25839"},{"taxonomy":"product_cat","embeddable":true,"href":"https:\/\/www.rubengalarreta.com\/es\/wp-json\/wp\/v2\/product_cat?post=25839"},{"taxonomy":"product_tag","embeddable":true,"href":"https:\/\/www.rubengalarreta.com\/es\/wp-json\/wp\/v2\/product_tag?post=25839"}],"curies":[{"name":"wp","href":"https:\/\/api.w.org\/{rel}","templated":true}]}}