{"id":25517,"date":"2019-09-27T13:47:01","date_gmt":"2019-09-27T11:47:01","guid":{"rendered":"https:\/\/www.rubengalarreta.com\/product\/sin%20categor\u00eda\/excess-black-short-strapped-pants\/"},"modified":"2021-11-16T22:00:07","modified_gmt":"2021-11-16T21:00:07","slug":"excess-black-short-strapped-pants","status":"publish","type":"product","link":"https:\/\/www.rubengalarreta.com\/es\/product\/man-es\/accessories-m-es\/excess-black-short-strapped-pants\/","title":{"rendered":"EXCESS BLACK SHORT STRAPPED PANTS"},"content":{"rendered":"<table style=\"height: 187px; width: 100%; border-collapse: collapse; border-style: hidden;\">\n<tbody>\n<tr style=\"height: 125px;\" valign=\"TOP\">\n<td style=\"width: 49.8998%; height: 125px; border-style: hidden;\" width=\"293\"><span style=\"color: #000000;\"><span style=\"font-family: trebuchet ms, serif;\"><b>DETALLES DE PRODUCTO:<\/b><\/span><\/span><br \/>\n<span style=\"color: #999999;\"><span style=\"font-family: trebuchet ms, serif;\">-Tela punto Milano el\u00e1stica<\/span><\/span><br \/>\n<span style=\"color: #999999;\"><span style=\"font-family: trebuchet ms, serif;\">-Color negro\u00a0<\/span><\/span><br \/>\n<span style=\"color: #999999;\"><span style=\"font-family: trebuchet ms, serif;\">-Lados con cortes y detalles el\u00e1sticos <\/span><\/span><br \/>\n<span style=\"color: #999999;\"><span style=\"font-family: trebuchet ms, serif;\">-Cintura el\u00e1stica<\/span><\/span><br \/>\n<span style=\"color: #999999;\"><span style=\"font-family: trebuchet ms, serif;\">-Longitud a la rodilla<\/span><\/span><\/td>\n<td style=\"width: 49.8998%; height: 125px; border-style: hidden;\" width=\"293\"><span style=\"color: #000000;\"><span style=\"font-family: trebuchet ms, serif;\"><b>TALLA:<\/b><\/span><\/span><span style=\"color: #000000;\"><span style=\"font-family: trebuchet ms, serif;\"><br \/>\n<\/span><\/span><span style=\"color: #999999;\"><span style=\"font-family: trebuchet ms, serif;\">&#8211; Ajuste Skinny<\/span><\/span><span style=\"color: #000000;\"><span style=\"font-family: trebuchet ms, serif;\"><br \/>\n<\/span><\/span><\/td>\n<\/tr>\n<tr style=\"height: 62px;\" valign=\"TOP\">\n<td style=\"width: 49.8998%; height: 62px; border-style: hidden;\" width=\"293\"><span style=\"color: #000000;\"><span style=\"font-family: trebuchet ms, serif;\"><b>CUIDADOS<\/b><\/span><\/span><span style=\"color: #000000;\"><span style=\"font-family: trebuchet ms, serif;\">:<\/span><\/span><br \/>\n<span style=\"color: #999999;\"><span style=\"font-family: trebuchet ms, serif;\">-Lavado a m\u00e1quina y planchado seg\u00fan las instrucciones en etiqueta de cuidado<\/span><\/span><\/td>\n<td style=\"width: 49.8998%; height: 62px; border-style: hidden;\" width=\"293\"><span style=\"color: #000000;\"><span style=\"font-family: trebuchet ms, serif;\"><b>MEDIDAS MODELO:<br \/>\n<\/b><\/span><\/span><span style=\"color: #999999;\"><span style=\"font-family: trebuchet ms, serif;\">-Altura de modelo: 185 cm \/ 6&#8242;.08\u00bb<\/span><\/span><br \/>\n<span style=\"color: #999999;\"><span style=\"font-family: trebuchet ms, serif;\">-El model usa talla M<\/span><\/span><\/td>\n<\/tr>\n<\/tbody>\n<\/table>\n<h4><strong>Descripci\u00f3n:<\/strong><\/h4>\n<p>Estos pantalones pertenecen a la colecci\u00f3n High Tech, una de las l\u00edneas m\u00e1s deportivas y casuales de la firma creada por el dise\u00f1ador Rub\u00e9n Galarreta. Esta colecci\u00f3n incluye legging, tops, sudaderas, joggers y camisetas para hombre con cortes y estilos deportivos.<\/p>\n<p>Estos EXCESS BLACK \u00a0SHORT STRAPPED PANTS tienen un longitud &#8216;midi&#8217; con un corte que no alcanza la rodilla. Los detalles en parte exterior de la pierna dejan ver la piel gracias a las aberturas que forman las bandas el\u00e1sticas con el logo &#8216;Rub\u00e9n Galarreta&#8217;.<\/p>\n<p>Los EXCESS BLACK SHORT STRAPPED PANTS son unos pantalones de estilo legging para hombre muy vers\u00e1tiles y c\u00f3modos, gracias a la calidad de su tejido. Son la combinaci\u00f3n ideal entre estilo y confort.<\/p>\n<h4><strong>Consejo de estilismo:<\/strong><\/h4>\n<p>Combinar estos shorts es muy f\u00e1cil. Aqu\u00ed te dejamos algunas recomendaciones:<\/p>\n<ul>\n<li>Para salir de fiesta: Estos legging pueden ser tus shorts perfectos para esas fiestas de verano en las que quieres verte incre\u00edble. Puedes combinarlo con el top de la misma colecci\u00f3n <a href=\"https:\/\/www.rubengalarreta.com\/es\/product\/man-es\/high-tech-es\/decadence-black-fit-crop-top\/\">\u00abDecadence Black Fit Crop Top\u00bb<\/a><a href=\"https:\/\/www.rubengalarreta.com\/es\/product\/man-es\/high-tech-es\/decadence-royal-blue-fit-crop-top\/\"><strong>,<\/strong><\/a><strong>\u00a0<\/strong>para crear un &#8216;total look&#8217; con el que seguro que no pasas desapercibido.<\/li>\n<li>Para el d\u00eda a d\u00eda: puedes combinar estos legging de m\u00faltiples maneras, como por ejemplo con cualquier camiseta b\u00e1sica o con una camisa o camiseta oversize que le de un toque mas &#8216;grunge&#8217; a tu outfit. Estamos seguros de que te va a encantar.<\/li>\n<\/ul>\n<p>&nbsp;<\/p>\n","protected":false},"excerpt":{"rendered":"<p><strong>EXCESS BLACK SHORT STRAPPED PANTS<\/strong><\/p>\n<p>Excess Black Short Strapped Pants es uno de los pantalones de la colecci\u00f3n High Tech. Ofrece a tus looks un toque sensual y deportivo.<\/p>\n","protected":false},"featured_media":25518,"comment_status":"closed","ping_status":"closed","template":"","meta":{"_monsterinsights_skip_tracking":false,"_monsterinsights_sitenote_active":false,"_monsterinsights_sitenote_note":"","_monsterinsights_sitenote_category":0},"product_brand":[],"product_cat":[1950,5815,1921],"product_tag":[2169],"class_list":{"0":"post-25517","1":"product","2":"type-product","3":"status-publish","4":"has-post-thumbnail","6":"product_cat-accessories-m-es","7":"product_cat-essentials-es","8":"product_cat-man-es","9":"product_tag-pantalones-shorts","11":"first","12":"instock","13":"sale","14":"featured","15":"taxable","16":"shipping-taxable","17":"purchasable","18":"product-type-variable","19":"has-default-attributes"},"yoast_head":"<!-- This site is optimized with the Yoast SEO plugin v27.5 - https:\/\/yoast.com\/product\/yoast-seo-wordpress\/ -->\n<title>EXCESS BLACK SHORT STRAPPED PANTS - Ruben Galarreta<\/title>\n<meta name=\"description\" content=\"Excess Black Short Strapped Pants es una de las prendas de la colecci\u00f3n High Tech, ofrece un toque sexy y deportivo a tus looks.\" \/>\n<meta name=\"robots\" content=\"index, follow, max-snippet:-1, max-image-preview:large, max-video-preview:-1\" \/>\n<link rel=\"canonical\" href=\"https:\/\/www.rubengalarreta.com\/es\/product\/man-es\/accessories-m-es\/excess-black-short-strapped-pants\/\" \/>\n<meta property=\"og:locale\" content=\"es_ES\" \/>\n<meta property=\"og:type\" content=\"article\" \/>\n<meta property=\"og:title\" content=\"EXCESS BLACK SHORT STRAPPED PANTS - Ruben Galarreta\" \/>\n<meta property=\"og:description\" content=\"Excess Black Short Strapped Pants es una de las prendas de la colecci\u00f3n High Tech, ofrece un toque sexy y deportivo a tus looks.\" \/>\n<meta property=\"og:url\" content=\"https:\/\/www.rubengalarreta.com\/es\/product\/man-es\/accessories-m-es\/excess-black-short-strapped-pants\/\" \/>\n<meta property=\"og:site_name\" content=\"Ruben Galarreta\" \/>\n<meta property=\"article:modified_time\" content=\"2021-11-16T21:00:07+00:00\" \/>\n<meta property=\"og:image\" content=\"https:\/\/www.rubengalarreta.com\/wp-content\/uploads\/2019\/09\/RUBEN-GALARRETA-EXCESS-BLACK-FIT-STRAPPEDPANTS-SHORT-FASHION-MEN-3-min.jpg\" \/>\n\t<meta property=\"og:image:width\" content=\"704\" \/>\n\t<meta property=\"og:image:height\" content=\"1000\" \/>\n\t<meta property=\"og:image:type\" content=\"image\/jpeg\" \/>\n<meta name=\"twitter:card\" content=\"summary_large_image\" \/>\n<meta name=\"twitter:label1\" content=\"Tiempo de lectura\" \/>\n\t<meta name=\"twitter:data1\" content=\"2 minutos\" \/>\n<script type=\"application\/ld+json\" class=\"yoast-schema-graph\">{\"@context\":\"https:\\\/\\\/schema.org\",\"@graph\":[{\"@type\":\"WebPage\",\"@id\":\"https:\\\/\\\/www.rubengalarreta.com\\\/es\\\/product\\\/man-es\\\/accessories-m-es\\\/excess-black-short-strapped-pants\\\/\",\"url\":\"https:\\\/\\\/www.rubengalarreta.com\\\/es\\\/product\\\/man-es\\\/accessories-m-es\\\/excess-black-short-strapped-pants\\\/\",\"name\":\"EXCESS BLACK SHORT STRAPPED PANTS - Ruben Galarreta\",\"isPartOf\":{\"@id\":\"https:\\\/\\\/www.rubengalarreta.com\\\/es\\\/#website\"},\"primaryImageOfPage\":{\"@id\":\"https:\\\/\\\/www.rubengalarreta.com\\\/es\\\/product\\\/man-es\\\/accessories-m-es\\\/excess-black-short-strapped-pants\\\/#primaryimage\"},\"image\":{\"@id\":\"https:\\\/\\\/www.rubengalarreta.com\\\/es\\\/product\\\/man-es\\\/accessories-m-es\\\/excess-black-short-strapped-pants\\\/#primaryimage\"},\"thumbnailUrl\":\"https:\\\/\\\/www.rubengalarreta.com\\\/wp-content\\\/uploads\\\/2019\\\/09\\\/RUBEN-GALARRETA-EXCESS-BLACK-FIT-STRAPPEDPANTS-SHORT-FASHION-MEN-3-min.jpg\",\"datePublished\":\"2019-09-27T11:47:01+00:00\",\"dateModified\":\"2021-11-16T21:00:07+00:00\",\"description\":\"Excess Black Short Strapped Pants es una de las prendas de la colecci\u00f3n High Tech, ofrece un toque sexy y deportivo a tus looks.\",\"breadcrumb\":{\"@id\":\"https:\\\/\\\/www.rubengalarreta.com\\\/es\\\/product\\\/man-es\\\/accessories-m-es\\\/excess-black-short-strapped-pants\\\/#breadcrumb\"},\"inLanguage\":\"es\",\"potentialAction\":[{\"@type\":\"ReadAction\",\"target\":[\"https:\\\/\\\/www.rubengalarreta.com\\\/es\\\/product\\\/man-es\\\/accessories-m-es\\\/excess-black-short-strapped-pants\\\/\"]}]},{\"@type\":\"ImageObject\",\"inLanguage\":\"es\",\"@id\":\"https:\\\/\\\/www.rubengalarreta.com\\\/es\\\/product\\\/man-es\\\/accessories-m-es\\\/excess-black-short-strapped-pants\\\/#primaryimage\",\"url\":\"https:\\\/\\\/www.rubengalarreta.com\\\/wp-content\\\/uploads\\\/2019\\\/09\\\/RUBEN-GALARRETA-EXCESS-BLACK-FIT-STRAPPEDPANTS-SHORT-FASHION-MEN-3-min.jpg\",\"contentUrl\":\"https:\\\/\\\/www.rubengalarreta.com\\\/wp-content\\\/uploads\\\/2019\\\/09\\\/RUBEN-GALARRETA-EXCESS-BLACK-FIT-STRAPPEDPANTS-SHORT-FASHION-MEN-3-min.jpg\",\"width\":704,\"height\":1000,\"caption\":\"Pantal\u00f3n corto negro con aberturas laterales para hombre dise\u00f1ado por Rub\u00e9n Galarreta.\"},{\"@type\":\"BreadcrumbList\",\"@id\":\"https:\\\/\\\/www.rubengalarreta.com\\\/es\\\/product\\\/man-es\\\/accessories-m-es\\\/excess-black-short-strapped-pants\\\/#breadcrumb\",\"itemListElement\":[{\"@type\":\"ListItem\",\"position\":1,\"name\":\"Home\",\"item\":\"https:\\\/\\\/www.rubengalarreta.com\\\/es\\\/\"},{\"@type\":\"ListItem\",\"position\":2,\"name\":\"Tienda Online\",\"item\":\"https:\\\/\\\/www.rubengalarreta.com\\\/es\\\/tienda-2\\\/\"},{\"@type\":\"ListItem\",\"position\":3,\"name\":\"EXCESS BLACK SHORT STRAPPED PANTS\"}]},{\"@type\":\"WebSite\",\"@id\":\"https:\\\/\\\/www.rubengalarreta.com\\\/es\\\/#website\",\"url\":\"https:\\\/\\\/www.rubengalarreta.com\\\/es\\\/\",\"name\":\"Ruben Galarreta\",\"description\":\"Hot Couture | Online Store\",\"publisher\":{\"@id\":\"https:\\\/\\\/www.rubengalarreta.com\\\/es\\\/#organization\"},\"potentialAction\":[{\"@type\":\"SearchAction\",\"target\":{\"@type\":\"EntryPoint\",\"urlTemplate\":\"https:\\\/\\\/www.rubengalarreta.com\\\/es\\\/?s={search_term_string}\"},\"query-input\":{\"@type\":\"PropertyValueSpecification\",\"valueRequired\":true,\"valueName\":\"search_term_string\"}}],\"inLanguage\":\"es\"},{\"@type\":\"Organization\",\"@id\":\"https:\\\/\\\/www.rubengalarreta.com\\\/es\\\/#organization\",\"name\":\"Ruben Galarreta\",\"url\":\"https:\\\/\\\/www.rubengalarreta.com\\\/es\\\/\",\"logo\":{\"@type\":\"ImageObject\",\"inLanguage\":\"es\",\"@id\":\"https:\\\/\\\/www.rubengalarreta.com\\\/es\\\/#\\\/schema\\\/logo\\\/image\\\/\",\"url\":\"https:\\\/\\\/www.rubengalarreta.com\\\/wp-content\\\/uploads\\\/2019\\\/10\\\/rubengalarreta-menswear.jpg\",\"contentUrl\":\"https:\\\/\\\/www.rubengalarreta.com\\\/wp-content\\\/uploads\\\/2019\\\/10\\\/rubengalarreta-menswear.jpg\",\"width\":1141,\"height\":146,\"caption\":\"Ruben Galarreta\"},\"image\":{\"@id\":\"https:\\\/\\\/www.rubengalarreta.com\\\/es\\\/#\\\/schema\\\/logo\\\/image\\\/\"}}]}<\/script>\n<!-- \/ Yoast SEO plugin. -->","yoast_head_json":{"title":"EXCESS BLACK SHORT STRAPPED PANTS - Ruben Galarreta","description":"Excess Black Short Strapped Pants es una de las prendas de la colecci\u00f3n High Tech, ofrece un toque sexy y deportivo a tus looks.","robots":{"index":"index","follow":"follow","max-snippet":"max-snippet:-1","max-image-preview":"max-image-preview:large","max-video-preview":"max-video-preview:-1"},"canonical":"https:\/\/www.rubengalarreta.com\/es\/product\/man-es\/accessories-m-es\/excess-black-short-strapped-pants\/","og_locale":"es_ES","og_type":"article","og_title":"EXCESS BLACK SHORT STRAPPED PANTS - Ruben Galarreta","og_description":"Excess Black Short Strapped Pants es una de las prendas de la colecci\u00f3n High Tech, ofrece un toque sexy y deportivo a tus looks.","og_url":"https:\/\/www.rubengalarreta.com\/es\/product\/man-es\/accessories-m-es\/excess-black-short-strapped-pants\/","og_site_name":"Ruben Galarreta","article_modified_time":"2021-11-16T21:00:07+00:00","og_image":[{"width":704,"height":1000,"url":"https:\/\/www.rubengalarreta.com\/wp-content\/uploads\/2019\/09\/RUBEN-GALARRETA-EXCESS-BLACK-FIT-STRAPPEDPANTS-SHORT-FASHION-MEN-3-min.jpg","type":"image\/jpeg"}],"twitter_card":"summary_large_image","twitter_misc":{"Tiempo de lectura":"2 minutos"},"schema":{"@context":"https:\/\/schema.org","@graph":[{"@type":"WebPage","@id":"https:\/\/www.rubengalarreta.com\/es\/product\/man-es\/accessories-m-es\/excess-black-short-strapped-pants\/","url":"https:\/\/www.rubengalarreta.com\/es\/product\/man-es\/accessories-m-es\/excess-black-short-strapped-pants\/","name":"EXCESS BLACK SHORT STRAPPED PANTS - Ruben Galarreta","isPartOf":{"@id":"https:\/\/www.rubengalarreta.com\/es\/#website"},"primaryImageOfPage":{"@id":"https:\/\/www.rubengalarreta.com\/es\/product\/man-es\/accessories-m-es\/excess-black-short-strapped-pants\/#primaryimage"},"image":{"@id":"https:\/\/www.rubengalarreta.com\/es\/product\/man-es\/accessories-m-es\/excess-black-short-strapped-pants\/#primaryimage"},"thumbnailUrl":"https:\/\/www.rubengalarreta.com\/wp-content\/uploads\/2019\/09\/RUBEN-GALARRETA-EXCESS-BLACK-FIT-STRAPPEDPANTS-SHORT-FASHION-MEN-3-min.jpg","datePublished":"2019-09-27T11:47:01+00:00","dateModified":"2021-11-16T21:00:07+00:00","description":"Excess Black Short Strapped Pants es una de las prendas de la colecci\u00f3n High Tech, ofrece un toque sexy y deportivo a tus looks.","breadcrumb":{"@id":"https:\/\/www.rubengalarreta.com\/es\/product\/man-es\/accessories-m-es\/excess-black-short-strapped-pants\/#breadcrumb"},"inLanguage":"es","potentialAction":[{"@type":"ReadAction","target":["https:\/\/www.rubengalarreta.com\/es\/product\/man-es\/accessories-m-es\/excess-black-short-strapped-pants\/"]}]},{"@type":"ImageObject","inLanguage":"es","@id":"https:\/\/www.rubengalarreta.com\/es\/product\/man-es\/accessories-m-es\/excess-black-short-strapped-pants\/#primaryimage","url":"https:\/\/www.rubengalarreta.com\/wp-content\/uploads\/2019\/09\/RUBEN-GALARRETA-EXCESS-BLACK-FIT-STRAPPEDPANTS-SHORT-FASHION-MEN-3-min.jpg","contentUrl":"https:\/\/www.rubengalarreta.com\/wp-content\/uploads\/2019\/09\/RUBEN-GALARRETA-EXCESS-BLACK-FIT-STRAPPEDPANTS-SHORT-FASHION-MEN-3-min.jpg","width":704,"height":1000,"caption":"Pantal\u00f3n corto negro con aberturas laterales para hombre dise\u00f1ado por Rub\u00e9n Galarreta."},{"@type":"BreadcrumbList","@id":"https:\/\/www.rubengalarreta.com\/es\/product\/man-es\/accessories-m-es\/excess-black-short-strapped-pants\/#breadcrumb","itemListElement":[{"@type":"ListItem","position":1,"name":"Home","item":"https:\/\/www.rubengalarreta.com\/es\/"},{"@type":"ListItem","position":2,"name":"Tienda Online","item":"https:\/\/www.rubengalarreta.com\/es\/tienda-2\/"},{"@type":"ListItem","position":3,"name":"EXCESS BLACK SHORT STRAPPED PANTS"}]},{"@type":"WebSite","@id":"https:\/\/www.rubengalarreta.com\/es\/#website","url":"https:\/\/www.rubengalarreta.com\/es\/","name":"Ruben Galarreta","description":"Hot Couture | Online Store","publisher":{"@id":"https:\/\/www.rubengalarreta.com\/es\/#organization"},"potentialAction":[{"@type":"SearchAction","target":{"@type":"EntryPoint","urlTemplate":"https:\/\/www.rubengalarreta.com\/es\/?s={search_term_string}"},"query-input":{"@type":"PropertyValueSpecification","valueRequired":true,"valueName":"search_term_string"}}],"inLanguage":"es"},{"@type":"Organization","@id":"https:\/\/www.rubengalarreta.com\/es\/#organization","name":"Ruben Galarreta","url":"https:\/\/www.rubengalarreta.com\/es\/","logo":{"@type":"ImageObject","inLanguage":"es","@id":"https:\/\/www.rubengalarreta.com\/es\/#\/schema\/logo\/image\/","url":"https:\/\/www.rubengalarreta.com\/wp-content\/uploads\/2019\/10\/rubengalarreta-menswear.jpg","contentUrl":"https:\/\/www.rubengalarreta.com\/wp-content\/uploads\/2019\/10\/rubengalarreta-menswear.jpg","width":1141,"height":146,"caption":"Ruben Galarreta"},"image":{"@id":"https:\/\/www.rubengalarreta.com\/es\/#\/schema\/logo\/image\/"}}]}},"_links":{"self":[{"href":"https:\/\/www.rubengalarreta.com\/es\/wp-json\/wp\/v2\/product\/25517","targetHints":{"allow":["GET"]}}],"collection":[{"href":"https:\/\/www.rubengalarreta.com\/es\/wp-json\/wp\/v2\/product"}],"about":[{"href":"https:\/\/www.rubengalarreta.com\/es\/wp-json\/wp\/v2\/types\/product"}],"replies":[{"embeddable":true,"href":"https:\/\/www.rubengalarreta.com\/es\/wp-json\/wp\/v2\/comments?post=25517"}],"wp:featuredmedia":[{"embeddable":true,"href":"https:\/\/www.rubengalarreta.com\/es\/wp-json\/wp\/v2\/media\/25518"}],"wp:attachment":[{"href":"https:\/\/www.rubengalarreta.com\/es\/wp-json\/wp\/v2\/media?parent=25517"}],"wp:term":[{"taxonomy":"product_brand","embeddable":true,"href":"https:\/\/www.rubengalarreta.com\/es\/wp-json\/wp\/v2\/product_brand?post=25517"},{"taxonomy":"product_cat","embeddable":true,"href":"https:\/\/www.rubengalarreta.com\/es\/wp-json\/wp\/v2\/product_cat?post=25517"},{"taxonomy":"product_tag","embeddable":true,"href":"https:\/\/www.rubengalarreta.com\/es\/wp-json\/wp\/v2\/product_tag?post=25517"}],"curies":[{"name":"wp","href":"https:\/\/api.w.org\/{rel}","templated":true}]}}