{"id":24592,"date":"2019-10-22T10:01:29","date_gmt":"2019-10-22T08:01:29","guid":{"rendered":"https:\/\/www.rubengalarreta.com\/?page_id=24592"},"modified":"2020-02-10T11:04:39","modified_gmt":"2020-02-10T10:04:39","slug":"policy","status":"publish","type":"page","link":"https:\/\/www.rubengalarreta.com\/es\/policy\/","title":{"rendered":"Policy"},"content":{"rendered":"\t<div class=\"img has-hover x md-x lg-x y md-y lg-y\" id=\"image_1183479799\">\n\t\t\t\t\t\t\t\t<div class=\"img-inner dark\" style=\"margin:0px 0px 50px 0px;\">\n\t\t\t<img loading=\"lazy\" decoding=\"async\" width=\"1020\" height=\"104\" src=\"https:\/\/www.rubengalarreta.com\/wp-content\/uploads\/2017\/01\/logo-portada-web-23dic.jpg\" class=\"attachment-large size-large\" alt=\"\" srcset=\"https:\/\/www.rubengalarreta.com\/wp-content\/uploads\/2017\/01\/logo-portada-web-23dic.jpg 1200w, https:\/\/www.rubengalarreta.com\/wp-content\/uploads\/2017\/01\/logo-portada-web-23dic-247x25.jpg 247w, https:\/\/www.rubengalarreta.com\/wp-content\/uploads\/2017\/01\/logo-portada-web-23dic-510x52.jpg 510w, https:\/\/www.rubengalarreta.com\/wp-content\/uploads\/2017\/01\/logo-portada-web-23dic-800x81.jpg 800w, https:\/\/www.rubengalarreta.com\/wp-content\/uploads\/2017\/01\/logo-portada-web-23dic-768x78.jpg 768w\" sizes=\"auto, (max-width: 1020px) 100vw, 1020px\" \/>\t\t\t\t\t\t\n\t\t\t\t\t<\/div>\n\t\t\t\t\t\t\t\t\n<style>\n#image_1183479799 {\n  width: 100%;\n}\n<\/style>\n\t<\/div>\n\t\n<div class=\"row\"  id=\"row-1342412368\">\n\n\t<div id=\"col-106543810\" class=\"col small-12 large-12\"  >\n\t\t\t\t<div class=\"col-inner\"  >\n\t\t\t\n\t\t\t\n<h1><strong>PRIVACY POLICY<\/strong><\/h1>\n<p>Gracias por visitar <a href=\"http:\/\/rubengalarreta.com\/\">rubengalarreta.com<\/a><\/p>\n<p>De acuerdo con el nuevo Reglamento Europeo de Privacidad 2016\/679 nos gustar\u00eda informarle de que RUBEN GALARRETA S.L.U. es responsable de los datos personales de sus clientes (a trav\u00e9s de cualquier medio de comunicaci\u00f3n con el fin de gestionar las compras, la relaci\u00f3n o, en su caso, los boletines informativos).<\/p>\n<p>RUBEN GALARRETA S.L.U. puede utilizar los datos de sus clientes porque tiene un inter\u00e9s leg\u00edtimo en responder a cualquier tipo de duda, consulta o sugerencia.<\/p>\n<p>RUBEN GALARRETA S.L.U. respetar\u00e1 la confidencialidad de los datos personales de sus clientes, garantizando sus derechos. Usted tiene derecho a solicitar el acceso a todos los datos que la marca tiene a su disposici\u00f3n y a rectificar los datos que ya est\u00e1n disponibles.<\/p>\n<p>La marca compartir\u00e1 los datos de sus clientes con todos los proveedores de servicios. (proveedores de servicios tecnol\u00f3gicos, empresas de gesti\u00f3n de env\u00edos y devoluciones) que tienen que ver con cuestiones relacionadas con el apoyo al servicio prestado por RUBEN GALARRETA S.L.U. y los colaboradores que se encuentran tanto dentro como fuera de la compa\u00f1\u00eda. La uni\u00f3n europea.<\/p>\n<p>RUBEN GALARRETA S.L.U. CIF\/NIF: B26556761 Direcci\u00f3n: Avda. Sierra, 91, bajo A 26007 Logro\u00f1o (La Rioja), Espa\u00f1a, direcci\u00f3n de correo electr\u00f3nico: <a href=\"mailto:info@rubengalarreta.com\">info@rubengalarreta.com<\/a> \u00a0es responsable del tratamiento y protecci\u00f3n de los datos de sus clientes. Dependiendo de lo que la marca requiera, RUBEN GALARRETA S.L.U. har\u00e1 uso de los datos de identificaci\u00f3n(nombre, apellidos, informaci\u00f3n de contacto, idioma, etc.); en las conexiones en l\u00ednea, y en la navegaci\u00f3n de datos e informaci\u00f3n transaccional (pedidos,devoluciones, etc.)<\/p>\n<p>Cuando la marca plantea algunos de los campos como obligatorios a la hora de cumplimentar cualquier tipo de datos personales, lo har\u00e1 porque ser\u00e1 necesario ofrecer un mejor servicio al cliente. En el caso de que el cliente decida no proporcionar esta informaci\u00f3n, el servicio que la marca le ofrece puede no ser satisfactorio.<\/p>\n<p>Usos:<\/p>\n<ul>\n<li>Atender las solicitudes a trav\u00e9s de los canales de comunicaci\u00f3n que la marca pone a disposici\u00f3n del cliente. La marca tiene un inter\u00e9s leg\u00edtimo en mantener un contacto profesional con el cliente, por lo que es beneficioso para el cliente poder atenderlo de forma adecuada y satisfacer sus necesidades y consultas.<\/li>\n<li>An\u00e1lisis de la calidad de los servicios de la marca con el objetivo de mejorar la experiencia del cliente. (fines anal\u00edticos y estad\u00edsticos). RUBEN GALARRETA S.L.U. tambi\u00e9n tiene un leg\u00edtimo inter\u00e9s en analizar la satisfacci\u00f3n del cliente con la intenci\u00f3n de mejorar su servicio y atender las sugerencias pertinentes.<\/li>\n<\/ul>\n<p>RUBEN GALARRETA S.L.U. conservar\u00e1 los datos de los clientes durante el tiempo que sea necesario para satisfacer sus peticiones. Los datos ser\u00e1n utilizados de la manera oportuna para analizar la actividad de la marca y el grado de satisfacci\u00f3n que el cliente tiene con ella. La marca utilizar\u00e1 los datos personales del cliente durante el tiempo necesario para cumplir su objetivo. Los mantendr\u00e1 estrictamente protegidos durante el per\u00edodo de tiempo pertinente en caso de que sea necesario utilizarlos. (responsabilidades relacionadas con su uso y de acuerdo con la normativa vigente).<br \/>\n<strong><br \/>\n<\/strong><\/p>\n<p>EL CLIENTE<\/p>\n<p>Lea atentamente la informaci\u00f3n que Rub\u00e9n Galarreta le ofrece sobre el uso de los datos personales de sus clientes, independientemente del medio utilizado para dicha comunicaci\u00f3n.<\/p>\n<ul>\n<li>Usted tiene derecho a rectificar, acceder y eliminar todos sus datos personales. Tambi\u00e9n tiene derecho a que la marca no utilice sus datos..<\/li>\n<li>El cliente dispone de toda la informaci\u00f3n de la Pol\u00edtica de Privacidad de la empresa. Puede ser consultada en cualquier momento, en caso de que sea necesario.<\/li>\n<li>Cuando hablamos de la Pol\u00edtica de Privacidad, el sitio web de la empresa, <a href=\"http:\/\/www.rubengalarreta.com\/\">rubengalarreta.com<\/a> el tel\u00e9fono y el correo electr\u00f3nico que el cliente habr\u00e1 utilizado previamente para comunicarse con la marca, se encuentra incluido.<\/li>\n<li>El cliente se compromete a comunicar cualquier tipo de modificaci\u00f3n de sus datos personales. Cualquier dato inexacto, incompleto o err\u00f3neo es responsabilidad del cliente. El cliente s\u00f3lo puede solicitar sus propios datos personales, no los de terceros.<\/li>\n<li>El cliente puede solicitar a la empresa que elimine los datos que no sean necesarios para la comunicaci\u00f3n cliente-marca. Incluso, puedes solicitar a la compa\u00f1\u00eda que limite sus datos. Sin embargo, puede causar una suspensi\u00f3n temporal sobre el tratamiento de sus datos o que la marca los guarde m\u00e1s del tiempo necesario.<\/li>\n<li>El cliente puede oponerse al tratamiento de sus datos respecto al leg\u00edtimo tratamiento que la marca hace de ellos.<\/li>\n<li>El cliente tiene derecho a presentar una reclamaci\u00f3n ante la Agencia Espa\u00f1ola de Protecci\u00f3n de Datos.<\/li>\n<\/ul>\n<p>Ruben Galarreta puede modificar, en cualquier momento, la informaci\u00f3n de su pol\u00edtica de privacidad.Se lo notificar\u00e1 en el momento en que lo haga. Se sugiere que la Pol\u00edtica de Privacidad sea revisada ocasionalmente.<\/p>\n<p>Fecha: 07 Octubre 2018<\/p>\n\t\t<\/div>\n\t\t\t\t\t<\/div>\n\n\t\n<\/div>\n","protected":false},"excerpt":{"rendered":"","protected":false},"author":7831,"featured_media":0,"parent":0,"menu_order":13,"comment_status":"closed","ping_status":"closed","template":"page-blank.php","meta":{"_monsterinsights_skip_tracking":false,"_monsterinsights_sitenote_active":false,"_monsterinsights_sitenote_note":"","_monsterinsights_sitenote_category":0,"footnotes":""},"class_list":["post-24592","page","type-page","status-publish","hentry"],"yoast_head":"<!-- This site is optimized with the Yoast SEO plugin v27.5 - https:\/\/yoast.com\/product\/yoast-seo-wordpress\/ -->\n<title>Policy - Ruben Galarreta<\/title>\n<meta name=\"description\" content=\"En esta p\u00e1gina puedes encontrar toda la informacion sobre nuestra pol\u00edtica de empresa. Si te surge alguna duda, estaremos encantados de solucionarlo.\" \/>\n<meta name=\"robots\" content=\"index, follow, max-snippet:-1, max-image-preview:large, max-video-preview:-1\" \/>\n<link rel=\"canonical\" href=\"https:\/\/www.rubengalarreta.com\/es\/policy\/\" \/>\n<meta property=\"og:locale\" content=\"es_ES\" \/>\n<meta property=\"og:type\" content=\"article\" \/>\n<meta property=\"og:title\" content=\"Policy - Ruben Galarreta\" \/>\n<meta property=\"og:description\" content=\"En esta p\u00e1gina puedes encontrar toda la informacion sobre nuestra pol\u00edtica de empresa. Si te surge alguna duda, estaremos encantados de solucionarlo.\" \/>\n<meta property=\"og:url\" content=\"https:\/\/www.rubengalarreta.com\/es\/policy\/\" \/>\n<meta property=\"og:site_name\" content=\"Ruben Galarreta\" \/>\n<meta property=\"article:modified_time\" content=\"2020-02-10T10:04:39+00:00\" \/>\n<meta name=\"twitter:card\" content=\"summary_large_image\" \/>\n<meta name=\"twitter:label1\" content=\"Tiempo de lectura\" \/>\n\t<meta name=\"twitter:data1\" content=\"4 minutos\" \/>\n<script type=\"application\/ld+json\" class=\"yoast-schema-graph\">{\"@context\":\"https:\\\/\\\/schema.org\",\"@graph\":[{\"@type\":\"WebPage\",\"@id\":\"https:\\\/\\\/www.rubengalarreta.com\\\/es\\\/policy\\\/\",\"url\":\"https:\\\/\\\/www.rubengalarreta.com\\\/es\\\/policy\\\/\",\"name\":\"Policy - Ruben Galarreta\",\"isPartOf\":{\"@id\":\"https:\\\/\\\/www.rubengalarreta.com\\\/es\\\/#website\"},\"datePublished\":\"2019-10-22T08:01:29+00:00\",\"dateModified\":\"2020-02-10T10:04:39+00:00\",\"description\":\"En esta p\u00e1gina puedes encontrar toda la informacion sobre nuestra pol\u00edtica de empresa. Si te surge alguna duda, estaremos encantados de solucionarlo.\",\"breadcrumb\":{\"@id\":\"https:\\\/\\\/www.rubengalarreta.com\\\/es\\\/policy\\\/#breadcrumb\"},\"inLanguage\":\"es\",\"potentialAction\":[{\"@type\":\"ReadAction\",\"target\":[\"https:\\\/\\\/www.rubengalarreta.com\\\/es\\\/policy\\\/\"]}]},{\"@type\":\"BreadcrumbList\",\"@id\":\"https:\\\/\\\/www.rubengalarreta.com\\\/es\\\/policy\\\/#breadcrumb\",\"itemListElement\":[{\"@type\":\"ListItem\",\"position\":1,\"name\":\"Home\",\"item\":\"https:\\\/\\\/www.rubengalarreta.com\\\/es\\\/\"},{\"@type\":\"ListItem\",\"position\":2,\"name\":\"Policy\"}]},{\"@type\":\"WebSite\",\"@id\":\"https:\\\/\\\/www.rubengalarreta.com\\\/es\\\/#website\",\"url\":\"https:\\\/\\\/www.rubengalarreta.com\\\/es\\\/\",\"name\":\"Ruben Galarreta\",\"description\":\"Hot Couture | Online Store\",\"publisher\":{\"@id\":\"https:\\\/\\\/www.rubengalarreta.com\\\/es\\\/#organization\"},\"potentialAction\":[{\"@type\":\"SearchAction\",\"target\":{\"@type\":\"EntryPoint\",\"urlTemplate\":\"https:\\\/\\\/www.rubengalarreta.com\\\/es\\\/?s={search_term_string}\"},\"query-input\":{\"@type\":\"PropertyValueSpecification\",\"valueRequired\":true,\"valueName\":\"search_term_string\"}}],\"inLanguage\":\"es\"},{\"@type\":\"Organization\",\"@id\":\"https:\\\/\\\/www.rubengalarreta.com\\\/es\\\/#organization\",\"name\":\"Ruben Galarreta\",\"url\":\"https:\\\/\\\/www.rubengalarreta.com\\\/es\\\/\",\"logo\":{\"@type\":\"ImageObject\",\"inLanguage\":\"es\",\"@id\":\"https:\\\/\\\/www.rubengalarreta.com\\\/es\\\/#\\\/schema\\\/logo\\\/image\\\/\",\"url\":\"https:\\\/\\\/www.rubengalarreta.com\\\/wp-content\\\/uploads\\\/2019\\\/10\\\/rubengalarreta-menswear.jpg\",\"contentUrl\":\"https:\\\/\\\/www.rubengalarreta.com\\\/wp-content\\\/uploads\\\/2019\\\/10\\\/rubengalarreta-menswear.jpg\",\"width\":1141,\"height\":146,\"caption\":\"Ruben Galarreta\"},\"image\":{\"@id\":\"https:\\\/\\\/www.rubengalarreta.com\\\/es\\\/#\\\/schema\\\/logo\\\/image\\\/\"}}]}<\/script>\n<!-- \/ Yoast SEO plugin. -->","yoast_head_json":{"title":"Policy - Ruben Galarreta","description":"En esta p\u00e1gina puedes encontrar toda la informacion sobre nuestra pol\u00edtica de empresa. Si te surge alguna duda, estaremos encantados de solucionarlo.","robots":{"index":"index","follow":"follow","max-snippet":"max-snippet:-1","max-image-preview":"max-image-preview:large","max-video-preview":"max-video-preview:-1"},"canonical":"https:\/\/www.rubengalarreta.com\/es\/policy\/","og_locale":"es_ES","og_type":"article","og_title":"Policy - Ruben Galarreta","og_description":"En esta p\u00e1gina puedes encontrar toda la informacion sobre nuestra pol\u00edtica de empresa. Si te surge alguna duda, estaremos encantados de solucionarlo.","og_url":"https:\/\/www.rubengalarreta.com\/es\/policy\/","og_site_name":"Ruben Galarreta","article_modified_time":"2020-02-10T10:04:39+00:00","twitter_card":"summary_large_image","twitter_misc":{"Tiempo de lectura":"4 minutos"},"schema":{"@context":"https:\/\/schema.org","@graph":[{"@type":"WebPage","@id":"https:\/\/www.rubengalarreta.com\/es\/policy\/","url":"https:\/\/www.rubengalarreta.com\/es\/policy\/","name":"Policy - Ruben Galarreta","isPartOf":{"@id":"https:\/\/www.rubengalarreta.com\/es\/#website"},"datePublished":"2019-10-22T08:01:29+00:00","dateModified":"2020-02-10T10:04:39+00:00","description":"En esta p\u00e1gina puedes encontrar toda la informacion sobre nuestra pol\u00edtica de empresa. Si te surge alguna duda, estaremos encantados de solucionarlo.","breadcrumb":{"@id":"https:\/\/www.rubengalarreta.com\/es\/policy\/#breadcrumb"},"inLanguage":"es","potentialAction":[{"@type":"ReadAction","target":["https:\/\/www.rubengalarreta.com\/es\/policy\/"]}]},{"@type":"BreadcrumbList","@id":"https:\/\/www.rubengalarreta.com\/es\/policy\/#breadcrumb","itemListElement":[{"@type":"ListItem","position":1,"name":"Home","item":"https:\/\/www.rubengalarreta.com\/es\/"},{"@type":"ListItem","position":2,"name":"Policy"}]},{"@type":"WebSite","@id":"https:\/\/www.rubengalarreta.com\/es\/#website","url":"https:\/\/www.rubengalarreta.com\/es\/","name":"Ruben Galarreta","description":"Hot Couture | Online Store","publisher":{"@id":"https:\/\/www.rubengalarreta.com\/es\/#organization"},"potentialAction":[{"@type":"SearchAction","target":{"@type":"EntryPoint","urlTemplate":"https:\/\/www.rubengalarreta.com\/es\/?s={search_term_string}"},"query-input":{"@type":"PropertyValueSpecification","valueRequired":true,"valueName":"search_term_string"}}],"inLanguage":"es"},{"@type":"Organization","@id":"https:\/\/www.rubengalarreta.com\/es\/#organization","name":"Ruben Galarreta","url":"https:\/\/www.rubengalarreta.com\/es\/","logo":{"@type":"ImageObject","inLanguage":"es","@id":"https:\/\/www.rubengalarreta.com\/es\/#\/schema\/logo\/image\/","url":"https:\/\/www.rubengalarreta.com\/wp-content\/uploads\/2019\/10\/rubengalarreta-menswear.jpg","contentUrl":"https:\/\/www.rubengalarreta.com\/wp-content\/uploads\/2019\/10\/rubengalarreta-menswear.jpg","width":1141,"height":146,"caption":"Ruben Galarreta"},"image":{"@id":"https:\/\/www.rubengalarreta.com\/es\/#\/schema\/logo\/image\/"}}]}},"_links":{"self":[{"href":"https:\/\/www.rubengalarreta.com\/es\/wp-json\/wp\/v2\/pages\/24592","targetHints":{"allow":["GET"]}}],"collection":[{"href":"https:\/\/www.rubengalarreta.com\/es\/wp-json\/wp\/v2\/pages"}],"about":[{"href":"https:\/\/www.rubengalarreta.com\/es\/wp-json\/wp\/v2\/types\/page"}],"author":[{"embeddable":true,"href":"https:\/\/www.rubengalarreta.com\/es\/wp-json\/wp\/v2\/users\/7831"}],"replies":[{"embeddable":true,"href":"https:\/\/www.rubengalarreta.com\/es\/wp-json\/wp\/v2\/comments?post=24592"}],"version-history":[{"count":0,"href":"https:\/\/www.rubengalarreta.com\/es\/wp-json\/wp\/v2\/pages\/24592\/revisions"}],"wp:attachment":[{"href":"https:\/\/www.rubengalarreta.com\/es\/wp-json\/wp\/v2\/media?parent=24592"}],"curies":[{"name":"wp","href":"https:\/\/api.w.org\/{rel}","templated":true}]}}