{"id":24479,"date":"2019-10-22T10:01:25","date_gmt":"2019-10-22T08:01:25","guid":{"rendered":"https:\/\/www.rubengalarreta.com\/?page_id=24479"},"modified":"2020-10-15T13:30:47","modified_gmt":"2020-10-15T11:30:47","slug":"envios","status":"publish","type":"page","link":"https:\/\/www.rubengalarreta.com\/es\/envios\/","title":{"rendered":"envios"},"content":{"rendered":"\n  <div class=\"banner has-hover\" id=\"banner-581290194\">\n          <div class=\"banner-inner fill\">\n        <div class=\"banner-bg fill\" >\n                                    <div class=\"overlay\"><\/div>            \n                    <\/div>\n\t\t\n        <div class=\"banner-layers container\">\n            <div class=\"fill banner-link\"><\/div>            \n   <div id=\"text-box-1096866399\" class=\"text-box banner-layer x50 md-x50 lg-x50 y50 md-y50 lg-y50 res-text\">\n                     <div data-animate=\"fadeInRight\">           <div class=\"text-box-content text dark\">\n              \n              <div class=\"text-inner text-center\">\n                  \n<p><span style=\"color: #000000; font-family: helvetica, arial, sans-serif;\"><span style=\"font-size: x-large;\"><i><b>\u00a1ENV\u00cdO GRATIS A TODO EL MUNDO!<\/b><\/i><\/span><\/span><\/p>\n<p><span style=\"color: #000000;\">Hacemos env\u00edos a todas partes&#8230; \u00a1Hasta el fin del mundo (casi)!<\/span><\/p>\n              <\/div>\n           <\/div>\n       <\/div>                     \n<style>\n#text-box-1096866399 {\n  width: 60%;\n}\n#text-box-1096866399 .text-box-content {\n  font-size: 100%;\n}\n<\/style>\n    <\/div>\n \n        <\/div>\n      <\/div>\n\n            \n<style>\n#banner-581290194 {\n  padding-top: 200px;\n  background-color: rgb(235, 235, 235);\n}\n#banner-581290194 .overlay {\n  background-color: rgba(0, 0, 0, 0.17);\n}\n@media (min-width:550px) {\n  #banner-581290194 {\n    padding-top: 250px;\n  }\n}\n<\/style>\n  <\/div>\n\n\n<p align=\"LEFT\"><span style=\"font-family: helvetica, arial, sans-serif;\"><img loading=\"lazy\" decoding=\"async\" class=\"alignnone wp-image-24482 size-full\" src=\"https:\/\/www.rubengalarreta.com\/wp-content\/uploads\/2019\/09\/1-Shipping-e1569413650963.jpg\" alt=\"\" width=\"1833\" height=\"143\" srcset=\"https:\/\/www.rubengalarreta.com\/wp-content\/uploads\/2019\/09\/1-Shipping-e1569413650963.jpg 1833w, https:\/\/www.rubengalarreta.com\/wp-content\/uploads\/2019\/09\/1-Shipping-e1569413650963-247x19.jpg 247w, https:\/\/www.rubengalarreta.com\/wp-content\/uploads\/2019\/09\/1-Shipping-e1569413650963-510x40.jpg 510w\" sizes=\"auto, (max-width: 1833px) 100vw, 1833px\" \/><\/span><\/p>\n<p align=\"CENTER\"><span style=\"color: #000000; font-family: helvetica, arial, sans-serif;\"><span style=\"font-size: large;\"><b>Compra m\u00e1s, ahorra m\u00e1s<\/b><\/span><\/span><\/p>\n<p align=\"CENTER\"><span style=\"color: #7f7f7f;\"><span style=\"font-family: Century Gothic, sans-serif;\"><span style=\"font-size: medium;\">Env\u00edos gratis a partir de 175$ para pedidos internacionales<\/span><\/span><\/span><\/p>\n<p align=\"CENTER\"><span style=\"color: #7f7f7f;\"><span style=\"font-family: Century Gothic, sans-serif;\"><span style=\"font-size: medium;\">Env\u00edos gratis a partir de 50\u20ac en Espa\u00f1a<\/span><\/span><\/span><\/p>\n<p align=\"CENTER\"><img loading=\"lazy\" decoding=\"async\" class=\"aligncenter wp-image-24483 size-full\" src=\"https:\/\/www.rubengalarreta.com\/wp-content\/uploads\/2019\/09\/2-Shippings-e1569413624316.jpg\" alt=\"\" width=\"1831\" height=\"143\" srcset=\"https:\/\/www.rubengalarreta.com\/wp-content\/uploads\/2019\/09\/2-Shippings-e1569413624316.jpg 1831w, https:\/\/www.rubengalarreta.com\/wp-content\/uploads\/2019\/09\/2-Shippings-e1569413624316-247x19.jpg 247w, https:\/\/www.rubengalarreta.com\/wp-content\/uploads\/2019\/09\/2-Shippings-e1569413624316-510x40.jpg 510w\" sizes=\"auto, (max-width: 1831px) 100vw, 1831px\" \/><\/p>\n<p style=\"text-align: center;\" align=\"CENTER\"><span style=\"color: #000000;\"><span style=\"font-family: Century Gothic, sans-serif;\"><span style=\"font-size: large;\"><b>Selecciona<\/b> <span style=\"color: #7f7f7f;\">tu m\u00e9todo de env\u00edo favorito<\/span><\/span><\/span><\/span><\/p>\n<table style=\"border-collapse: collapse; width: 100%;\">\n<tbody>\n<tr>\n<td style=\"width: 50%;\">\n<p style=\"text-align: center;\" align=\"LEFT\"><strong><span style=\"color: #000000;\"><span style=\"font-family: Century Gothic, sans-serif;\"><span style=\"font-size: large;\"><i>ENV\u00cdO EST\u00c1NDAR<\/i><\/span><\/span><\/span><\/strong><\/p>\n<\/td>\n<td style=\"width: 50%;\">\n<p style=\"text-align: center;\" align=\"LEFT\"><strong><span style=\"color: #000000;\"><span style=\"font-family: Century Gothic, sans-serif;\"><span style=\"font-size: large;\"><i>ENV\u00cdO EXPRESS<\/i><\/span><\/span><\/span><\/strong><\/p>\n<\/td>\n<\/tr>\n<\/tbody>\n<\/table>\n<hr \/>\n<p align=\"CENTER\"><img loading=\"lazy\" decoding=\"async\" class=\"alignnone size-full wp-image-24484\" src=\"https:\/\/www.rubengalarreta.com\/wp-content\/uploads\/2019\/09\/3-shippings-e1569413832756.jpg\" alt=\"\" width=\"1864\" height=\"154\" srcset=\"https:\/\/www.rubengalarreta.com\/wp-content\/uploads\/2019\/09\/3-shippings-e1569413832756.jpg 1864w, https:\/\/www.rubengalarreta.com\/wp-content\/uploads\/2019\/09\/3-shippings-e1569413832756-247x20.jpg 247w, https:\/\/www.rubengalarreta.com\/wp-content\/uploads\/2019\/09\/3-shippings-e1569413832756-510x42.jpg 510w\" sizes=\"auto, (max-width: 1864px) 100vw, 1864px\" \/><\/p>\n<p style=\"text-align: center;\" align=\"LEFT\"><span style=\"color: #000000;\"><span style=\"font-family: Century Gothic, sans-serif;\"><span style=\"font-size: medium;\"><span style=\"color: #7f7f7f;\">\u00a1S\u00f3lo<\/span> <b>rel\u00e1jate<\/b>\u00a0<span style=\"color: #7f7f7f;\">y<\/span> <b>disfruta<\/b> <span style=\"color: #7f7f7f;\">tus<\/span> <b>productos <\/b><span style=\"color: #7f7f7f;\">exclusivos de <\/span><b>Rub\u00e9n Galarreta!<\/b><span style=\"color: #7f7f7f;\">\u00a0<\/span><\/span><\/span><\/span><\/p>\n<hr \/>\n<div class=\"row\"  id=\"row-1340782367\">\n\n\t<div id=\"col-1543307544\" class=\"col small-12 large-12\"  >\n\t\t\t\t<div class=\"col-inner\"  >\n\t\t\t\n\t\t\t\n<div class=\"container section-title-container\" ><h3 class=\"section-title section-title-center\"><b aria-hidden=\"true\"><\/b><span class=\"section-title-main\" >TARIFAS DE ENV\u00cdO Y TIEMPO DE ENTREGA EN EUROPA<\/span><b aria-hidden=\"true\"><\/b><\/h3><\/div>\n\t<div class=\"img has-hover x md-x lg-x y md-y lg-y\" id=\"image_90620508\">\n\t\t\t\t\t\t\t\t<div class=\"img-inner dark\" >\n\t\t\t<img loading=\"lazy\" decoding=\"async\" width=\"1020\" height=\"431\" src=\"https:\/\/www.rubengalarreta.com\/wp-content\/uploads\/2019\/09\/tabla-1-buena-min-scaled.jpg\" class=\"attachment-large size-large\" alt=\"\" srcset=\"https:\/\/www.rubengalarreta.com\/wp-content\/uploads\/2019\/09\/tabla-1-buena-min-scaled.jpg 1920w, https:\/\/www.rubengalarreta.com\/wp-content\/uploads\/2019\/09\/tabla-1-buena-min-scaled-247x104.jpg 247w, https:\/\/www.rubengalarreta.com\/wp-content\/uploads\/2019\/09\/tabla-1-buena-min-scaled-510x216.jpg 510w\" sizes=\"auto, (max-width: 1020px) 100vw, 1020px\" \/>\t\t\t\t\t\t\n\t\t\t\t\t<\/div>\n\t\t\t\t\t\t\t\t\n<style>\n#image_90620508 {\n  width: 100%;\n}\n<\/style>\n\t<\/div>\n\t\n<div class=\"container section-title-container\" ><h3 class=\"section-title section-title-center\"><b aria-hidden=\"true\"><\/b><span class=\"section-title-main\" >TARIFAS DE ENV\u00cdO Y TIEMPO DE ENTREGA AL RESTO DEL MUNDO<\/span><b aria-hidden=\"true\"><\/b><\/h3><\/div>\n\t<div class=\"img has-hover x md-x lg-x y md-y lg-y\" id=\"image_2103501160\">\n\t\t\t\t\t\t\t\t<div class=\"img-inner dark\" >\n\t\t\t<img loading=\"lazy\" decoding=\"async\" width=\"1020\" height=\"309\" src=\"https:\/\/www.rubengalarreta.com\/wp-content\/uploads\/2019\/09\/Tabla-2-buena-min-scaled.jpg\" class=\"attachment-large size-large\" alt=\"\" srcset=\"https:\/\/www.rubengalarreta.com\/wp-content\/uploads\/2019\/09\/Tabla-2-buena-min-scaled.jpg 1920w, https:\/\/www.rubengalarreta.com\/wp-content\/uploads\/2019\/09\/Tabla-2-buena-min-scaled-247x75.jpg 247w, https:\/\/www.rubengalarreta.com\/wp-content\/uploads\/2019\/09\/Tabla-2-buena-min-scaled-510x154.jpg 510w\" sizes=\"auto, (max-width: 1020px) 100vw, 1020px\" \/>\t\t\t\t\t\t\n\t\t\t\t\t<\/div>\n\t\t\t\t\t\t\t\t\n<style>\n#image_2103501160 {\n  width: 100%;\n}\n<\/style>\n\t<\/div>\n\t\n<div class=\"container section-title-container\" ><h3 class=\"section-title section-title-center\"><b aria-hidden=\"true\"><\/b><span class=\"section-title-main\" >TARIFAS DE ENV\u00cdO EXPRESS Y TIEMPO DE ENTREGA EN EUROPA<\/span><b aria-hidden=\"true\"><\/b><\/h3><\/div>\n\t<div class=\"img has-hover x md-x lg-x y md-y lg-y\" id=\"image_1152431548\">\n\t\t\t\t\t\t\t\t<div class=\"img-inner dark\" >\n\t\t\t<img loading=\"lazy\" decoding=\"async\" width=\"1020\" height=\"347\" src=\"https:\/\/www.rubengalarreta.com\/wp-content\/uploads\/2019\/09\/Tabla-3-buena-min-scaled.jpg\" class=\"attachment-large size-large\" alt=\"\" srcset=\"https:\/\/www.rubengalarreta.com\/wp-content\/uploads\/2019\/09\/Tabla-3-buena-min-scaled.jpg 1920w, https:\/\/www.rubengalarreta.com\/wp-content\/uploads\/2019\/09\/Tabla-3-buena-min-scaled-247x84.jpg 247w, https:\/\/www.rubengalarreta.com\/wp-content\/uploads\/2019\/09\/Tabla-3-buena-min-scaled-510x174.jpg 510w\" sizes=\"auto, (max-width: 1020px) 100vw, 1020px\" \/>\t\t\t\t\t\t\n\t\t\t\t\t<\/div>\n\t\t\t\t\t\t\t\t\n<style>\n#image_1152431548 {\n  width: 100%;\n}\n<\/style>\n\t<\/div>\n\t\n<div class=\"container section-title-container\" ><h3 class=\"section-title section-title-center\"><b aria-hidden=\"true\"><\/b><span class=\"section-title-main\" >TARIFAS DE ENV\u00cdO EXPRESS Y TIEMPO DE ENTREGA AL RESTO DEL MUNDO<\/span><b aria-hidden=\"true\"><\/b><\/h3><\/div>\n\t<div class=\"img has-hover x md-x lg-x y md-y lg-y\" id=\"image_325064899\">\n\t\t\t\t\t\t\t\t<div class=\"img-inner dark\" >\n\t\t\t<img loading=\"lazy\" decoding=\"async\" width=\"1020\" height=\"310\" src=\"https:\/\/www.rubengalarreta.com\/wp-content\/uploads\/2019\/09\/tabla-4-buena-min-scaled.jpg\" class=\"attachment-large size-large\" alt=\"\" srcset=\"https:\/\/www.rubengalarreta.com\/wp-content\/uploads\/2019\/09\/tabla-4-buena-min-scaled.jpg 1920w, https:\/\/www.rubengalarreta.com\/wp-content\/uploads\/2019\/09\/tabla-4-buena-min-scaled-247x75.jpg 247w, https:\/\/www.rubengalarreta.com\/wp-content\/uploads\/2019\/09\/tabla-4-buena-min-scaled-510x155.jpg 510w\" sizes=\"auto, (max-width: 1020px) 100vw, 1020px\" \/>\t\t\t\t\t\t\n\t\t\t\t\t<\/div>\n\t\t\t\t\t\t\t\t\n<style>\n#image_325064899 {\n  width: 100%;\n}\n<\/style>\n\t<\/div>\n\t\n\t\t<\/div>\n\t\t\t\t\t<\/div>\n\n\t\n<\/div>\n<div class=\"row\"  id=\"row-1778569429\">\n\n\t<div id=\"col-466108572\" class=\"col small-12 large-12\"  >\n\t\t\t\t<div class=\"col-inner\"  >\n\t\t\t\n\t\t\t\n<p style=\"text-align: center;\">Para mayor informaci\u00f3n puedes leer nuestros <a href=\"https:\/\/www.rubengalarreta.com\/terms-and-conditions\/\">terminos y condiciones<\/a><\/p>\n\t\t<\/div>\n\t\t\t\t\t<\/div>\n\n\t\n<\/div>\n","protected":false},"excerpt":{"rendered":"<p>Compra m\u00e1s, ahorra m\u00e1s Env\u00edos gratis a partir de 175$ para pedidos internacionales Env\u00edos gratis a partir de 50\u20ac en Espa\u00f1a Selecciona tu m\u00e9todo de env\u00edo favorito ENV\u00cdO EST\u00c1NDAR ENV\u00cdO EXPRESS \u00a1S\u00f3lo rel\u00e1jate\u00a0y disfruta tus productos exclusivos de Rub\u00e9n Galarreta!\u00a0<\/p>\n","protected":false},"author":7831,"featured_media":0,"parent":0,"menu_order":0,"comment_status":"closed","ping_status":"closed","template":"","meta":{"_monsterinsights_skip_tracking":false,"_monsterinsights_sitenote_active":false,"_monsterinsights_sitenote_note":"","_monsterinsights_sitenote_category":0,"footnotes":""},"class_list":["post-24479","page","type-page","status-publish","hentry"],"yoast_head":"<!-- This site is optimized with the Yoast SEO plugin v27.5 - https:\/\/yoast.com\/product\/yoast-seo-wordpress\/ -->\n<title>envios - Ruben Galarreta<\/title>\n<meta name=\"description\" content=\"Sea cual sea el pa\u00eds al que pertenezcas, no te preocupes porque hacemos ENVIOS A TODO EL MUNDO. Rub\u00e9n Galarreta no tiene l\u00edmites.\" \/>\n<meta name=\"robots\" content=\"index, follow, max-snippet:-1, max-image-preview:large, max-video-preview:-1\" \/>\n<link rel=\"canonical\" href=\"https:\/\/www.rubengalarreta.com\/es\/envios\/\" \/>\n<meta property=\"og:locale\" content=\"es_ES\" \/>\n<meta property=\"og:type\" content=\"article\" \/>\n<meta property=\"og:title\" content=\"envios - Ruben Galarreta\" \/>\n<meta property=\"og:description\" content=\"Sea cual sea el pa\u00eds al que pertenezcas, no te preocupes porque hacemos ENVIOS A TODO EL MUNDO. Rub\u00e9n Galarreta no tiene l\u00edmites.\" \/>\n<meta property=\"og:url\" content=\"https:\/\/www.rubengalarreta.com\/es\/envios\/\" \/>\n<meta property=\"og:site_name\" content=\"Ruben Galarreta\" \/>\n<meta property=\"article:modified_time\" content=\"2020-10-15T11:30:47+00:00\" \/>\n<meta property=\"og:image\" content=\"https:\/\/www.rubengalarreta.com\/wp-content\/uploads\/2019\/09\/1-Shipping-e1569413650963.jpg\" \/>\n<meta name=\"twitter:card\" content=\"summary_large_image\" \/>\n<meta name=\"twitter:label1\" content=\"Tiempo de lectura\" \/>\n\t<meta name=\"twitter:data1\" content=\"1 minuto\" \/>\n<script type=\"application\/ld+json\" class=\"yoast-schema-graph\">{\"@context\":\"https:\\\/\\\/schema.org\",\"@graph\":[{\"@type\":\"WebPage\",\"@id\":\"https:\\\/\\\/www.rubengalarreta.com\\\/es\\\/envios\\\/\",\"url\":\"https:\\\/\\\/www.rubengalarreta.com\\\/es\\\/envios\\\/\",\"name\":\"envios - Ruben Galarreta\",\"isPartOf\":{\"@id\":\"https:\\\/\\\/www.rubengalarreta.com\\\/es\\\/#website\"},\"primaryImageOfPage\":{\"@id\":\"https:\\\/\\\/www.rubengalarreta.com\\\/es\\\/envios\\\/#primaryimage\"},\"image\":{\"@id\":\"https:\\\/\\\/www.rubengalarreta.com\\\/es\\\/envios\\\/#primaryimage\"},\"thumbnailUrl\":\"https:\\\/\\\/www.rubengalarreta.com\\\/wp-content\\\/uploads\\\/2019\\\/09\\\/1-Shipping-e1569413650963.jpg\",\"datePublished\":\"2019-10-22T08:01:25+00:00\",\"dateModified\":\"2020-10-15T11:30:47+00:00\",\"description\":\"Sea cual sea el pa\u00eds al que pertenezcas, no te preocupes porque hacemos ENVIOS A TODO EL MUNDO. Rub\u00e9n Galarreta no tiene l\u00edmites.\",\"breadcrumb\":{\"@id\":\"https:\\\/\\\/www.rubengalarreta.com\\\/es\\\/envios\\\/#breadcrumb\"},\"inLanguage\":\"es\",\"potentialAction\":[{\"@type\":\"ReadAction\",\"target\":[\"https:\\\/\\\/www.rubengalarreta.com\\\/es\\\/envios\\\/\"]}]},{\"@type\":\"ImageObject\",\"inLanguage\":\"es\",\"@id\":\"https:\\\/\\\/www.rubengalarreta.com\\\/es\\\/envios\\\/#primaryimage\",\"url\":\"https:\\\/\\\/www.rubengalarreta.com\\\/wp-content\\\/uploads\\\/2019\\\/09\\\/1-Shipping-e1569413650963.jpg\",\"contentUrl\":\"https:\\\/\\\/www.rubengalarreta.com\\\/wp-content\\\/uploads\\\/2019\\\/09\\\/1-Shipping-e1569413650963.jpg\"},{\"@type\":\"BreadcrumbList\",\"@id\":\"https:\\\/\\\/www.rubengalarreta.com\\\/es\\\/envios\\\/#breadcrumb\",\"itemListElement\":[{\"@type\":\"ListItem\",\"position\":1,\"name\":\"Home\",\"item\":\"https:\\\/\\\/www.rubengalarreta.com\\\/es\\\/\"},{\"@type\":\"ListItem\",\"position\":2,\"name\":\"envios\"}]},{\"@type\":\"WebSite\",\"@id\":\"https:\\\/\\\/www.rubengalarreta.com\\\/es\\\/#website\",\"url\":\"https:\\\/\\\/www.rubengalarreta.com\\\/es\\\/\",\"name\":\"Ruben Galarreta\",\"description\":\"Hot Couture | Online Store\",\"publisher\":{\"@id\":\"https:\\\/\\\/www.rubengalarreta.com\\\/es\\\/#organization\"},\"potentialAction\":[{\"@type\":\"SearchAction\",\"target\":{\"@type\":\"EntryPoint\",\"urlTemplate\":\"https:\\\/\\\/www.rubengalarreta.com\\\/es\\\/?s={search_term_string}\"},\"query-input\":{\"@type\":\"PropertyValueSpecification\",\"valueRequired\":true,\"valueName\":\"search_term_string\"}}],\"inLanguage\":\"es\"},{\"@type\":\"Organization\",\"@id\":\"https:\\\/\\\/www.rubengalarreta.com\\\/es\\\/#organization\",\"name\":\"Ruben Galarreta\",\"url\":\"https:\\\/\\\/www.rubengalarreta.com\\\/es\\\/\",\"logo\":{\"@type\":\"ImageObject\",\"inLanguage\":\"es\",\"@id\":\"https:\\\/\\\/www.rubengalarreta.com\\\/es\\\/#\\\/schema\\\/logo\\\/image\\\/\",\"url\":\"https:\\\/\\\/www.rubengalarreta.com\\\/wp-content\\\/uploads\\\/2019\\\/10\\\/rubengalarreta-menswear.jpg\",\"contentUrl\":\"https:\\\/\\\/www.rubengalarreta.com\\\/wp-content\\\/uploads\\\/2019\\\/10\\\/rubengalarreta-menswear.jpg\",\"width\":1141,\"height\":146,\"caption\":\"Ruben Galarreta\"},\"image\":{\"@id\":\"https:\\\/\\\/www.rubengalarreta.com\\\/es\\\/#\\\/schema\\\/logo\\\/image\\\/\"}}]}<\/script>\n<!-- \/ Yoast SEO plugin. -->","yoast_head_json":{"title":"envios - Ruben Galarreta","description":"Sea cual sea el pa\u00eds al que pertenezcas, no te preocupes porque hacemos ENVIOS A TODO EL MUNDO. Rub\u00e9n Galarreta no tiene l\u00edmites.","robots":{"index":"index","follow":"follow","max-snippet":"max-snippet:-1","max-image-preview":"max-image-preview:large","max-video-preview":"max-video-preview:-1"},"canonical":"https:\/\/www.rubengalarreta.com\/es\/envios\/","og_locale":"es_ES","og_type":"article","og_title":"envios - Ruben Galarreta","og_description":"Sea cual sea el pa\u00eds al que pertenezcas, no te preocupes porque hacemos ENVIOS A TODO EL MUNDO. Rub\u00e9n Galarreta no tiene l\u00edmites.","og_url":"https:\/\/www.rubengalarreta.com\/es\/envios\/","og_site_name":"Ruben Galarreta","article_modified_time":"2020-10-15T11:30:47+00:00","og_image":[{"url":"https:\/\/www.rubengalarreta.com\/wp-content\/uploads\/2019\/09\/1-Shipping-e1569413650963.jpg","type":"","width":"","height":""}],"twitter_card":"summary_large_image","twitter_misc":{"Tiempo de lectura":"1 minuto"},"schema":{"@context":"https:\/\/schema.org","@graph":[{"@type":"WebPage","@id":"https:\/\/www.rubengalarreta.com\/es\/envios\/","url":"https:\/\/www.rubengalarreta.com\/es\/envios\/","name":"envios - Ruben Galarreta","isPartOf":{"@id":"https:\/\/www.rubengalarreta.com\/es\/#website"},"primaryImageOfPage":{"@id":"https:\/\/www.rubengalarreta.com\/es\/envios\/#primaryimage"},"image":{"@id":"https:\/\/www.rubengalarreta.com\/es\/envios\/#primaryimage"},"thumbnailUrl":"https:\/\/www.rubengalarreta.com\/wp-content\/uploads\/2019\/09\/1-Shipping-e1569413650963.jpg","datePublished":"2019-10-22T08:01:25+00:00","dateModified":"2020-10-15T11:30:47+00:00","description":"Sea cual sea el pa\u00eds al que pertenezcas, no te preocupes porque hacemos ENVIOS A TODO EL MUNDO. Rub\u00e9n Galarreta no tiene l\u00edmites.","breadcrumb":{"@id":"https:\/\/www.rubengalarreta.com\/es\/envios\/#breadcrumb"},"inLanguage":"es","potentialAction":[{"@type":"ReadAction","target":["https:\/\/www.rubengalarreta.com\/es\/envios\/"]}]},{"@type":"ImageObject","inLanguage":"es","@id":"https:\/\/www.rubengalarreta.com\/es\/envios\/#primaryimage","url":"https:\/\/www.rubengalarreta.com\/wp-content\/uploads\/2019\/09\/1-Shipping-e1569413650963.jpg","contentUrl":"https:\/\/www.rubengalarreta.com\/wp-content\/uploads\/2019\/09\/1-Shipping-e1569413650963.jpg"},{"@type":"BreadcrumbList","@id":"https:\/\/www.rubengalarreta.com\/es\/envios\/#breadcrumb","itemListElement":[{"@type":"ListItem","position":1,"name":"Home","item":"https:\/\/www.rubengalarreta.com\/es\/"},{"@type":"ListItem","position":2,"name":"envios"}]},{"@type":"WebSite","@id":"https:\/\/www.rubengalarreta.com\/es\/#website","url":"https:\/\/www.rubengalarreta.com\/es\/","name":"Ruben Galarreta","description":"Hot Couture | Online Store","publisher":{"@id":"https:\/\/www.rubengalarreta.com\/es\/#organization"},"potentialAction":[{"@type":"SearchAction","target":{"@type":"EntryPoint","urlTemplate":"https:\/\/www.rubengalarreta.com\/es\/?s={search_term_string}"},"query-input":{"@type":"PropertyValueSpecification","valueRequired":true,"valueName":"search_term_string"}}],"inLanguage":"es"},{"@type":"Organization","@id":"https:\/\/www.rubengalarreta.com\/es\/#organization","name":"Ruben Galarreta","url":"https:\/\/www.rubengalarreta.com\/es\/","logo":{"@type":"ImageObject","inLanguage":"es","@id":"https:\/\/www.rubengalarreta.com\/es\/#\/schema\/logo\/image\/","url":"https:\/\/www.rubengalarreta.com\/wp-content\/uploads\/2019\/10\/rubengalarreta-menswear.jpg","contentUrl":"https:\/\/www.rubengalarreta.com\/wp-content\/uploads\/2019\/10\/rubengalarreta-menswear.jpg","width":1141,"height":146,"caption":"Ruben Galarreta"},"image":{"@id":"https:\/\/www.rubengalarreta.com\/es\/#\/schema\/logo\/image\/"}}]}},"_links":{"self":[{"href":"https:\/\/www.rubengalarreta.com\/es\/wp-json\/wp\/v2\/pages\/24479","targetHints":{"allow":["GET"]}}],"collection":[{"href":"https:\/\/www.rubengalarreta.com\/es\/wp-json\/wp\/v2\/pages"}],"about":[{"href":"https:\/\/www.rubengalarreta.com\/es\/wp-json\/wp\/v2\/types\/page"}],"author":[{"embeddable":true,"href":"https:\/\/www.rubengalarreta.com\/es\/wp-json\/wp\/v2\/users\/7831"}],"replies":[{"embeddable":true,"href":"https:\/\/www.rubengalarreta.com\/es\/wp-json\/wp\/v2\/comments?post=24479"}],"version-history":[{"count":0,"href":"https:\/\/www.rubengalarreta.com\/es\/wp-json\/wp\/v2\/pages\/24479\/revisions"}],"wp:attachment":[{"href":"https:\/\/www.rubengalarreta.com\/es\/wp-json\/wp\/v2\/media?parent=24479"}],"curies":[{"name":"wp","href":"https:\/\/api.w.org\/{rel}","templated":true}]}}