{"id":24472,"date":"2019-10-22T10:01:24","date_gmt":"2019-10-22T08:01:24","guid":{"rendered":"https:\/\/www.rubengalarreta.com\/?page_id=24472"},"modified":"2022-07-26T09:24:22","modified_gmt":"2022-07-26T07:24:22","slug":"devoluciones","status":"publish","type":"page","link":"https:\/\/www.rubengalarreta.com\/es\/devoluciones\/","title":{"rendered":"Devoluciones"},"content":{"rendered":"\n  <div class=\"banner has-hover\" id=\"banner-1701879333\">\n          <div class=\"banner-inner fill\">\n        <div class=\"banner-bg fill\" >\n                                    <div class=\"overlay\"><\/div>            \n                    <\/div>\n\t\t\n        <div class=\"banner-layers container\">\n            <div class=\"fill banner-link\"><\/div>            \n   <div id=\"text-box-1282560513\" class=\"text-box banner-layer x50 md-x50 lg-x50 y50 md-y50 lg-y50 res-text\">\n                     <div data-animate=\"fadeInRight\">           <div class=\"text-box-content text dark\">\n              \n              <div class=\"text-inner text-center\">\n                  \n<p align=\"CENTER\"><span style=\"color: #000000;\"><em><strong><span style=\"font-family: helvetica, arial, sans-serif;\"><span style=\"font-size: x-large;\">\u00a1DEVOLUCIONES F\u00c1CILES!<\/span><\/span><\/strong><\/em><\/span><\/p>\n<p align=\"CENTER\"><span style=\"color: #000000;\">Puedes devolver tu pedido por cualquier raz\u00f3n, sin tener que dar ninguna explicaci\u00f3n y sin penalizaciones.<\/span><\/p>\n              <\/div>\n           <\/div>\n       <\/div>                     \n<style>\n#text-box-1282560513 {\n  width: 67%;\n}\n#text-box-1282560513 .text-box-content {\n  font-size: 100%;\n}\n<\/style>\n    <\/div>\n \n        <\/div>\n      <\/div>\n\n            \n<style>\n#banner-1701879333 {\n  padding-top: 200px;\n  background-color: rgb(255, 248, 248);\n}\n#banner-1701879333 .overlay {\n  background-color: rgba(0, 0, 0, 0.17);\n}\n@media (min-width:550px) {\n  #banner-1701879333 {\n    padding-top: 250px;\n  }\n}\n<\/style>\n  <\/div>\n\n\n<p>\u00a0<\/p>\n<p><img loading=\"lazy\" decoding=\"async\" class=\"alignnone size-full wp-image-21671\" src=\"https:\/\/www.rubengalarreta.com\/wp-content\/uploads\/2019\/09\/1-Returns-e1569409785650.jpg\" alt=\"\" width=\"2117\" height=\"132\" \/><\/p>\n<p align=\"CENTER\"><strong><span style=\"color: #000000;\"><span style=\"font-size: large;\">\u00bfNECESITAS UNA TALLA DISTINTA?<\/span><\/span><\/strong><\/p>\n<p align=\"CENTER\"><strong><span style=\"color: #000000;\">Cambio de talla gratis<\/span><\/strong> dentro de <strong><span style=\"color: #000000;\">14 d\u00edas<\/span><\/strong> despu\u00e9s de la fecha de entrega.<\/p>\n<p>\u00a0<\/p>\n<p><img loading=\"lazy\" decoding=\"async\" class=\"alignnone size-full wp-image-21672\" src=\"https:\/\/www.rubengalarreta.com\/wp-content\/uploads\/2019\/09\/2-returns-e1569409834840.jpg\" alt=\"\" width=\"2117\" height=\"121\" \/><\/p>\n<p align=\"CENTER\"><strong><span style=\"color: #000000;\"><span style=\"font-size: large;\">\u00bfPREFIERES OTRO ART\u00cdCULO?<\/span><\/span><\/strong><\/p>\n<p align=\"CENTER\">Puedes<strong><span style=\"color: #000000;\"> devolver<\/span><\/strong> tu compra a cambio de <strong><span style=\"color: #000000;\">cr\u00e9dito en tienda<\/span><\/strong> equivalente al valor de tus art\u00edculos.<\/p>\n<p>\u00a0<\/p>\n<p style=\"text-align: center;\"><img loading=\"lazy\" decoding=\"async\" class=\"alignnone size-full wp-image-24477\" src=\"https:\/\/www.rubengalarreta.com\/wp-content\/uploads\/2019\/09\/3-returns.jpg\" alt=\"\" width=\"2130\" height=\"143\" \/><\/p>\n<p align=\"CENTER\"><strong><span style=\"color: #000000;\"><span style=\"font-size: large;\">\u00bfPREFIERES UN REEMBOLSO?<\/span><\/span><\/strong><\/p>\n<p align=\"CENTER\">Nosotros <strong><span style=\"color: #000000;\">reembolsamos el precio pagado<\/span><\/strong> por los art\u00edculos. \u00a1S\u00f3lo deducimos los gastos de env\u00edo de devoluci\u00f3n!<\/p>\n<p>\u00a0<\/p>\n<p style=\"text-align: center;\">Para instrucciones de devoluci\u00f3n env\u00eda un mail a <a href=\"mailto:purchases@rubengalarreta.com\">purchases@rubengalarreta.com<\/a><\/p>\n<p style=\"text-align: center;\">Nuestro servicio de mensajer\u00eda local recoger\u00e1 el paquete directamente de tu direcci\u00f3n o si quieres nos lo puedes enviar tu directamente.<\/p>\n<p>\u00a0<\/p>\n<p style=\"text-align: center;\"><strong><span style=\"color: #000000;\"><span style=\"font-size: large;\">\u00a1NO PODR\u00cdA SER M\u00c1S F\u00c1CIL!<\/span><\/span><\/strong><\/p>\n<p>\u00a0<\/p>\n<p><span style=\"text-decoration: underline; color: #000000;\"><strong>HOJA DE DEVOLUCI\u00d3N: <span style=\"color: #00aae7;\"><a style=\"color: #00aae7; text-decoration: underline;\" href=\"https:\/\/www.rubengalarreta.com\/wp-content\/uploads\/2020\/02\/HOJA-DEVOLUCION-ESPA%C3%91OL.pdf\">DESC\u00c1RGALA AQU\u00cd<\/a><\/span><\/strong><\/span><\/p>\n<p><span style=\"text-decoration: underline; color: #000000;\"><strong>DIRECC\u00cdON PARA DEVOLUCIONES:<\/strong><\/span><\/p>\n<div>Stockabee<\/div>\n<div>Att: Ruben Galarreta<\/div>\n<div>Calle Tapiceros 1 (modulo K),<\/div>\n<div>28830 San Fernando de Henares<\/div>\n<div>Madrid<\/div>\n<div>Espa\u00f1a<\/div>\n<div>Contacto: +34 669 39 52 31<\/div>\n<p>\u00a0<\/p>\n<p style=\"text-align: center;\">para m\u00e1s informaci\u00f3n lee nuestros <a href=\"https:\/\/www.rubengalarreta.com\/terms-and-conditions\/\">terminos y condiciones<\/a><\/p>\n","protected":false},"excerpt":{"rendered":"<p>\u00a0 \u00bfNECESITAS UNA TALLA DISTINTA? Cambio de talla gratis dentro de 14 d\u00edas despu\u00e9s de la fecha de entrega. \u00a0 \u00bfPREFIERES OTRO ART\u00cdCULO? Puedes devolver tu compra a cambio de cr\u00e9dito en tienda equivalente al valor de tus art\u00edculos. \u00a0 \u00bfPREFIERES UN REEMBOLSO? Nosotros reembolsamos el precio pagado por los art\u00edculos. \u00a1S\u00f3lo deducimos los gastos [&#8230;]\n","protected":false},"author":7831,"featured_media":0,"parent":0,"menu_order":0,"comment_status":"closed","ping_status":"closed","template":"","meta":{"_monsterinsights_skip_tracking":false,"_monsterinsights_sitenote_active":false,"_monsterinsights_sitenote_note":"","_monsterinsights_sitenote_category":0,"footnotes":""},"class_list":["post-24472","page","type-page","status-publish","hentry"],"yoast_head":"<!-- This site is optimized with the Yoast SEO plugin v27.3 - https:\/\/yoast.com\/product\/yoast-seo-wordpress\/ -->\n<title>Devoluciones - Ruben Galarreta<\/title>\n<meta name=\"description\" content=\"Tus devoluciones de la forma m\u00e1s facil. Si quieres devolver cualquier art\u00edculo comprado de nuestra p\u00e1gina web, puedes hacerlo mediante los siguientes pasos.\" \/>\n<meta name=\"robots\" content=\"index, follow, max-snippet:-1, max-image-preview:large, max-video-preview:-1\" \/>\n<link rel=\"canonical\" href=\"https:\/\/www.rubengalarreta.com\/es\/devoluciones\/\" \/>\n<meta property=\"og:locale\" content=\"es_ES\" \/>\n<meta property=\"og:type\" content=\"article\" \/>\n<meta property=\"og:title\" content=\"Devoluciones - Ruben Galarreta\" \/>\n<meta property=\"og:description\" content=\"Tus devoluciones de la forma m\u00e1s facil. Si quieres devolver cualquier art\u00edculo comprado de nuestra p\u00e1gina web, puedes hacerlo mediante los siguientes pasos.\" \/>\n<meta property=\"og:url\" content=\"https:\/\/www.rubengalarreta.com\/es\/devoluciones\/\" \/>\n<meta property=\"og:site_name\" content=\"Ruben Galarreta\" \/>\n<meta property=\"article:modified_time\" content=\"2022-07-26T07:24:22+00:00\" \/>\n<meta property=\"og:image\" content=\"https:\/\/www.rubengalarreta.com\/wp-content\/uploads\/2019\/09\/1-Returns-e1569409785650.jpg\" \/>\n<meta name=\"twitter:card\" content=\"summary_large_image\" \/>\n<meta name=\"twitter:label1\" content=\"Tiempo de lectura\" \/>\n\t<meta name=\"twitter:data1\" content=\"1 minuto\" \/>\n<script type=\"application\/ld+json\" class=\"yoast-schema-graph\">{\"@context\":\"https:\\\/\\\/schema.org\",\"@graph\":[{\"@type\":\"WebPage\",\"@id\":\"https:\\\/\\\/www.rubengalarreta.com\\\/es\\\/devoluciones\\\/\",\"url\":\"https:\\\/\\\/www.rubengalarreta.com\\\/es\\\/devoluciones\\\/\",\"name\":\"Devoluciones - Ruben Galarreta\",\"isPartOf\":{\"@id\":\"https:\\\/\\\/www.rubengalarreta.com\\\/es\\\/#website\"},\"primaryImageOfPage\":{\"@id\":\"https:\\\/\\\/www.rubengalarreta.com\\\/es\\\/devoluciones\\\/#primaryimage\"},\"image\":{\"@id\":\"https:\\\/\\\/www.rubengalarreta.com\\\/es\\\/devoluciones\\\/#primaryimage\"},\"thumbnailUrl\":\"https:\\\/\\\/www.rubengalarreta.com\\\/wp-content\\\/uploads\\\/2019\\\/09\\\/1-Returns-e1569409785650.jpg\",\"datePublished\":\"2019-10-22T08:01:24+00:00\",\"dateModified\":\"2022-07-26T07:24:22+00:00\",\"description\":\"Tus devoluciones de la forma m\u00e1s facil. Si quieres devolver cualquier art\u00edculo comprado de nuestra p\u00e1gina web, puedes hacerlo mediante los siguientes pasos.\",\"breadcrumb\":{\"@id\":\"https:\\\/\\\/www.rubengalarreta.com\\\/es\\\/devoluciones\\\/#breadcrumb\"},\"inLanguage\":\"es\",\"potentialAction\":[{\"@type\":\"ReadAction\",\"target\":[\"https:\\\/\\\/www.rubengalarreta.com\\\/es\\\/devoluciones\\\/\"]}]},{\"@type\":\"ImageObject\",\"inLanguage\":\"es\",\"@id\":\"https:\\\/\\\/www.rubengalarreta.com\\\/es\\\/devoluciones\\\/#primaryimage\",\"url\":\"https:\\\/\\\/www.rubengalarreta.com\\\/wp-content\\\/uploads\\\/2019\\\/09\\\/1-Returns-e1569409785650.jpg\",\"contentUrl\":\"https:\\\/\\\/www.rubengalarreta.com\\\/wp-content\\\/uploads\\\/2019\\\/09\\\/1-Returns-e1569409785650.jpg\"},{\"@type\":\"BreadcrumbList\",\"@id\":\"https:\\\/\\\/www.rubengalarreta.com\\\/es\\\/devoluciones\\\/#breadcrumb\",\"itemListElement\":[{\"@type\":\"ListItem\",\"position\":1,\"name\":\"Home\",\"item\":\"https:\\\/\\\/www.rubengalarreta.com\\\/es\\\/\"},{\"@type\":\"ListItem\",\"position\":2,\"name\":\"Devoluciones\"}]},{\"@type\":\"WebSite\",\"@id\":\"https:\\\/\\\/www.rubengalarreta.com\\\/es\\\/#website\",\"url\":\"https:\\\/\\\/www.rubengalarreta.com\\\/es\\\/\",\"name\":\"Ruben Galarreta\",\"description\":\"Hot Couture | Online Store\",\"publisher\":{\"@id\":\"https:\\\/\\\/www.rubengalarreta.com\\\/es\\\/#organization\"},\"potentialAction\":[{\"@type\":\"SearchAction\",\"target\":{\"@type\":\"EntryPoint\",\"urlTemplate\":\"https:\\\/\\\/www.rubengalarreta.com\\\/es\\\/?s={search_term_string}\"},\"query-input\":{\"@type\":\"PropertyValueSpecification\",\"valueRequired\":true,\"valueName\":\"search_term_string\"}}],\"inLanguage\":\"es\"},{\"@type\":\"Organization\",\"@id\":\"https:\\\/\\\/www.rubengalarreta.com\\\/es\\\/#organization\",\"name\":\"Ruben Galarreta\",\"url\":\"https:\\\/\\\/www.rubengalarreta.com\\\/es\\\/\",\"logo\":{\"@type\":\"ImageObject\",\"inLanguage\":\"es\",\"@id\":\"https:\\\/\\\/www.rubengalarreta.com\\\/es\\\/#\\\/schema\\\/logo\\\/image\\\/\",\"url\":\"https:\\\/\\\/www.rubengalarreta.com\\\/wp-content\\\/uploads\\\/2019\\\/10\\\/rubengalarreta-menswear.jpg\",\"contentUrl\":\"https:\\\/\\\/www.rubengalarreta.com\\\/wp-content\\\/uploads\\\/2019\\\/10\\\/rubengalarreta-menswear.jpg\",\"width\":1141,\"height\":146,\"caption\":\"Ruben Galarreta\"},\"image\":{\"@id\":\"https:\\\/\\\/www.rubengalarreta.com\\\/es\\\/#\\\/schema\\\/logo\\\/image\\\/\"}}]}<\/script>\n<!-- \/ Yoast SEO plugin. -->","yoast_head_json":{"title":"Devoluciones - Ruben Galarreta","description":"Tus devoluciones de la forma m\u00e1s facil. Si quieres devolver cualquier art\u00edculo comprado de nuestra p\u00e1gina web, puedes hacerlo mediante los siguientes pasos.","robots":{"index":"index","follow":"follow","max-snippet":"max-snippet:-1","max-image-preview":"max-image-preview:large","max-video-preview":"max-video-preview:-1"},"canonical":"https:\/\/www.rubengalarreta.com\/es\/devoluciones\/","og_locale":"es_ES","og_type":"article","og_title":"Devoluciones - Ruben Galarreta","og_description":"Tus devoluciones de la forma m\u00e1s facil. Si quieres devolver cualquier art\u00edculo comprado de nuestra p\u00e1gina web, puedes hacerlo mediante los siguientes pasos.","og_url":"https:\/\/www.rubengalarreta.com\/es\/devoluciones\/","og_site_name":"Ruben Galarreta","article_modified_time":"2022-07-26T07:24:22+00:00","og_image":[{"url":"https:\/\/www.rubengalarreta.com\/wp-content\/uploads\/2019\/09\/1-Returns-e1569409785650.jpg","type":"","width":"","height":""}],"twitter_card":"summary_large_image","twitter_misc":{"Tiempo de lectura":"1 minuto"},"schema":{"@context":"https:\/\/schema.org","@graph":[{"@type":"WebPage","@id":"https:\/\/www.rubengalarreta.com\/es\/devoluciones\/","url":"https:\/\/www.rubengalarreta.com\/es\/devoluciones\/","name":"Devoluciones - Ruben Galarreta","isPartOf":{"@id":"https:\/\/www.rubengalarreta.com\/es\/#website"},"primaryImageOfPage":{"@id":"https:\/\/www.rubengalarreta.com\/es\/devoluciones\/#primaryimage"},"image":{"@id":"https:\/\/www.rubengalarreta.com\/es\/devoluciones\/#primaryimage"},"thumbnailUrl":"https:\/\/www.rubengalarreta.com\/wp-content\/uploads\/2019\/09\/1-Returns-e1569409785650.jpg","datePublished":"2019-10-22T08:01:24+00:00","dateModified":"2022-07-26T07:24:22+00:00","description":"Tus devoluciones de la forma m\u00e1s facil. Si quieres devolver cualquier art\u00edculo comprado de nuestra p\u00e1gina web, puedes hacerlo mediante los siguientes pasos.","breadcrumb":{"@id":"https:\/\/www.rubengalarreta.com\/es\/devoluciones\/#breadcrumb"},"inLanguage":"es","potentialAction":[{"@type":"ReadAction","target":["https:\/\/www.rubengalarreta.com\/es\/devoluciones\/"]}]},{"@type":"ImageObject","inLanguage":"es","@id":"https:\/\/www.rubengalarreta.com\/es\/devoluciones\/#primaryimage","url":"https:\/\/www.rubengalarreta.com\/wp-content\/uploads\/2019\/09\/1-Returns-e1569409785650.jpg","contentUrl":"https:\/\/www.rubengalarreta.com\/wp-content\/uploads\/2019\/09\/1-Returns-e1569409785650.jpg"},{"@type":"BreadcrumbList","@id":"https:\/\/www.rubengalarreta.com\/es\/devoluciones\/#breadcrumb","itemListElement":[{"@type":"ListItem","position":1,"name":"Home","item":"https:\/\/www.rubengalarreta.com\/es\/"},{"@type":"ListItem","position":2,"name":"Devoluciones"}]},{"@type":"WebSite","@id":"https:\/\/www.rubengalarreta.com\/es\/#website","url":"https:\/\/www.rubengalarreta.com\/es\/","name":"Ruben Galarreta","description":"Hot Couture | Online Store","publisher":{"@id":"https:\/\/www.rubengalarreta.com\/es\/#organization"},"potentialAction":[{"@type":"SearchAction","target":{"@type":"EntryPoint","urlTemplate":"https:\/\/www.rubengalarreta.com\/es\/?s={search_term_string}"},"query-input":{"@type":"PropertyValueSpecification","valueRequired":true,"valueName":"search_term_string"}}],"inLanguage":"es"},{"@type":"Organization","@id":"https:\/\/www.rubengalarreta.com\/es\/#organization","name":"Ruben Galarreta","url":"https:\/\/www.rubengalarreta.com\/es\/","logo":{"@type":"ImageObject","inLanguage":"es","@id":"https:\/\/www.rubengalarreta.com\/es\/#\/schema\/logo\/image\/","url":"https:\/\/www.rubengalarreta.com\/wp-content\/uploads\/2019\/10\/rubengalarreta-menswear.jpg","contentUrl":"https:\/\/www.rubengalarreta.com\/wp-content\/uploads\/2019\/10\/rubengalarreta-menswear.jpg","width":1141,"height":146,"caption":"Ruben Galarreta"},"image":{"@id":"https:\/\/www.rubengalarreta.com\/es\/#\/schema\/logo\/image\/"}}]}},"_links":{"self":[{"href":"https:\/\/www.rubengalarreta.com\/es\/wp-json\/wp\/v2\/pages\/24472","targetHints":{"allow":["GET"]}}],"collection":[{"href":"https:\/\/www.rubengalarreta.com\/es\/wp-json\/wp\/v2\/pages"}],"about":[{"href":"https:\/\/www.rubengalarreta.com\/es\/wp-json\/wp\/v2\/types\/page"}],"author":[{"embeddable":true,"href":"https:\/\/www.rubengalarreta.com\/es\/wp-json\/wp\/v2\/users\/7831"}],"replies":[{"embeddable":true,"href":"https:\/\/www.rubengalarreta.com\/es\/wp-json\/wp\/v2\/comments?post=24472"}],"version-history":[{"count":0,"href":"https:\/\/www.rubengalarreta.com\/es\/wp-json\/wp\/v2\/pages\/24472\/revisions"}],"wp:attachment":[{"href":"https:\/\/www.rubengalarreta.com\/es\/wp-json\/wp\/v2\/media?parent=24472"}],"curies":[{"name":"wp","href":"https:\/\/api.w.org\/{rel}","templated":true}]}}