{"id":24455,"date":"2019-10-22T10:01:25","date_gmt":"2019-10-22T08:01:25","guid":{"rendered":"https:\/\/www.rubengalarreta.com\/?page_id=24455"},"modified":"2020-02-07T13:01:35","modified_gmt":"2020-02-07T12:01:35","slug":"moneda","status":"publish","type":"page","link":"https:\/\/www.rubengalarreta.com\/es\/moneda\/","title":{"rendered":"Moneda"},"content":{"rendered":"<div class=\"row\"  id=\"row-2136619963\">\n\n\t<div id=\"col-1929296521\" class=\"col small-12 large-12\"  >\n\t\t\t\t<div class=\"col-inner\"  >\n\t\t\t\n\t\t\t\n\n  <div class=\"banner has-hover\" id=\"banner-311440413\">\n          <div class=\"banner-inner fill\">\n        <div class=\"banner-bg fill\" >\n                                                \n                    <\/div>\n\t\t\n        <div class=\"banner-layers container\">\n            <div class=\"fill banner-link\"><\/div>            \n   <div id=\"text-box-1297997307\" class=\"text-box banner-layer x50 md-x50 lg-x50 y50 md-y50 lg-y50 res-text\">\n                     <div data-animate=\"fadeInRight\">           <div class=\"text-box-content text dark\">\n              \n              <div class=\"text-inner text-center\">\n                  \n<h3 class=\"uppercase\"><strong>\u00bfQu\u00e9 moneda aceptamos?<\/strong><\/h3>\n              <\/div>\n           <\/div>\n       <\/div>                     \n<style>\n#text-box-1297997307 {\n  width: 60%;\n}\n#text-box-1297997307 .text-box-content {\n  font-size: 100%;\n}\n<\/style>\n    <\/div>\n \n        <\/div>\n      <\/div>\n\n            \n<style>\n#banner-311440413 {\n  padding-top: 200px;\n  background-color: rgba(173, 173, 173, 0.68);\n}\n@media (min-width:550px) {\n  #banner-311440413 {\n    padding-top: 250px;\n  }\n}\n<\/style>\n  <\/div>\n\n\n\t\t<\/div>\n\t\t\t\t\t<\/div>\n\n\t\n<\/div>\n<div class=\"row\"  id=\"row-238647370\">\n\n\t<div id=\"col-2077640493\" class=\"col small-12 large-12\"  >\n\t\t\t\t<div class=\"col-inner\"  >\n\t\t\t\n\t\t\t\n<p style=\"text-align: center;\">Aceptamos m\u00e1s de135 monedas.<\/p>\n<p style=\"text-align: center;\">Los precios de nuestros productos se muestran seg\u00fan tu ubicaci\u00f3n:<\/p>\n<p style=\"text-align: center;\"><strong>Europa:<\/strong> Euro<\/p>\n<p style=\"text-align: center;\"><strong>U.K:<\/strong> Libras<\/p>\n<p style=\"text-align: center;\"><strong>Cualquier otro lugar:<\/strong> D\u00f3lares Americanos<\/p>\n<p style=\"text-align: center;\"><strong><em>Si tu moneda nacional no se encuentra en el listado de arriba, al momento de tu compra el precio cambiar\u00e1 autom\u00e1ticamente a tu moneda nacional.\u00a0<\/em><\/strong><\/p>\n\t\t<\/div>\n\t\t\t\t\t<\/div>\n\n\t\n<\/div>\n","protected":false},"excerpt":{"rendered":"","protected":false},"author":7831,"featured_media":0,"parent":0,"menu_order":0,"comment_status":"closed","ping_status":"closed","template":"","meta":{"_monsterinsights_skip_tracking":false,"_monsterinsights_sitenote_active":false,"_monsterinsights_sitenote_note":"","_monsterinsights_sitenote_category":0,"footnotes":""},"class_list":["post-24455","page","type-page","status-publish","hentry"],"yoast_head":"<!-- This site is optimized with the Yoast SEO plugin v27.3 - https:\/\/yoast.com\/product\/yoast-seo-wordpress\/ -->\n<title>Moneda - Ruben Galarreta<\/title>\n<meta name=\"description\" content=\"\u00bfQu\u00e9 monedas aceptamos? Aceptamos m\u00e1s de 135 monedas. Los precios de nuestros productos se muestran seg\u00fan tu ubicaci\u00f3n: euros, libras, d\u00f3lares.\" \/>\n<meta name=\"robots\" content=\"index, follow, max-snippet:-1, max-image-preview:large, max-video-preview:-1\" \/>\n<link rel=\"canonical\" href=\"https:\/\/www.rubengalarreta.com\/es\/moneda\/\" \/>\n<meta property=\"og:locale\" content=\"es_ES\" \/>\n<meta property=\"og:type\" content=\"article\" \/>\n<meta property=\"og:title\" content=\"Moneda - Ruben Galarreta\" \/>\n<meta property=\"og:description\" content=\"\u00bfQu\u00e9 monedas aceptamos? Aceptamos m\u00e1s de 135 monedas. Los precios de nuestros productos se muestran seg\u00fan tu ubicaci\u00f3n: euros, libras, d\u00f3lares.\" \/>\n<meta property=\"og:url\" content=\"https:\/\/www.rubengalarreta.com\/es\/moneda\/\" \/>\n<meta property=\"og:site_name\" content=\"Ruben Galarreta\" \/>\n<meta property=\"article:modified_time\" content=\"2020-02-07T12:01:35+00:00\" \/>\n<meta name=\"twitter:card\" content=\"summary_large_image\" \/>\n<script type=\"application\/ld+json\" class=\"yoast-schema-graph\">{\"@context\":\"https:\\\/\\\/schema.org\",\"@graph\":[{\"@type\":\"WebPage\",\"@id\":\"https:\\\/\\\/www.rubengalarreta.com\\\/es\\\/moneda\\\/\",\"url\":\"https:\\\/\\\/www.rubengalarreta.com\\\/es\\\/moneda\\\/\",\"name\":\"Moneda - Ruben Galarreta\",\"isPartOf\":{\"@id\":\"https:\\\/\\\/www.rubengalarreta.com\\\/es\\\/#website\"},\"datePublished\":\"2019-10-22T08:01:25+00:00\",\"dateModified\":\"2020-02-07T12:01:35+00:00\",\"description\":\"\u00bfQu\u00e9 monedas aceptamos? Aceptamos m\u00e1s de 135 monedas. Los precios de nuestros productos se muestran seg\u00fan tu ubicaci\u00f3n: euros, libras, d\u00f3lares.\",\"breadcrumb\":{\"@id\":\"https:\\\/\\\/www.rubengalarreta.com\\\/es\\\/moneda\\\/#breadcrumb\"},\"inLanguage\":\"es\",\"potentialAction\":[{\"@type\":\"ReadAction\",\"target\":[\"https:\\\/\\\/www.rubengalarreta.com\\\/es\\\/moneda\\\/\"]}]},{\"@type\":\"BreadcrumbList\",\"@id\":\"https:\\\/\\\/www.rubengalarreta.com\\\/es\\\/moneda\\\/#breadcrumb\",\"itemListElement\":[{\"@type\":\"ListItem\",\"position\":1,\"name\":\"Home\",\"item\":\"https:\\\/\\\/www.rubengalarreta.com\\\/es\\\/\"},{\"@type\":\"ListItem\",\"position\":2,\"name\":\"Moneda\"}]},{\"@type\":\"WebSite\",\"@id\":\"https:\\\/\\\/www.rubengalarreta.com\\\/es\\\/#website\",\"url\":\"https:\\\/\\\/www.rubengalarreta.com\\\/es\\\/\",\"name\":\"Ruben Galarreta\",\"description\":\"Hot Couture | Online Store\",\"publisher\":{\"@id\":\"https:\\\/\\\/www.rubengalarreta.com\\\/es\\\/#organization\"},\"potentialAction\":[{\"@type\":\"SearchAction\",\"target\":{\"@type\":\"EntryPoint\",\"urlTemplate\":\"https:\\\/\\\/www.rubengalarreta.com\\\/es\\\/?s={search_term_string}\"},\"query-input\":{\"@type\":\"PropertyValueSpecification\",\"valueRequired\":true,\"valueName\":\"search_term_string\"}}],\"inLanguage\":\"es\"},{\"@type\":\"Organization\",\"@id\":\"https:\\\/\\\/www.rubengalarreta.com\\\/es\\\/#organization\",\"name\":\"Ruben Galarreta\",\"url\":\"https:\\\/\\\/www.rubengalarreta.com\\\/es\\\/\",\"logo\":{\"@type\":\"ImageObject\",\"inLanguage\":\"es\",\"@id\":\"https:\\\/\\\/www.rubengalarreta.com\\\/es\\\/#\\\/schema\\\/logo\\\/image\\\/\",\"url\":\"https:\\\/\\\/www.rubengalarreta.com\\\/wp-content\\\/uploads\\\/2019\\\/10\\\/rubengalarreta-menswear.jpg\",\"contentUrl\":\"https:\\\/\\\/www.rubengalarreta.com\\\/wp-content\\\/uploads\\\/2019\\\/10\\\/rubengalarreta-menswear.jpg\",\"width\":1141,\"height\":146,\"caption\":\"Ruben Galarreta\"},\"image\":{\"@id\":\"https:\\\/\\\/www.rubengalarreta.com\\\/es\\\/#\\\/schema\\\/logo\\\/image\\\/\"}}]}<\/script>\n<!-- \/ Yoast SEO plugin. -->","yoast_head_json":{"title":"Moneda - Ruben Galarreta","description":"\u00bfQu\u00e9 monedas aceptamos? Aceptamos m\u00e1s de 135 monedas. Los precios de nuestros productos se muestran seg\u00fan tu ubicaci\u00f3n: euros, libras, d\u00f3lares.","robots":{"index":"index","follow":"follow","max-snippet":"max-snippet:-1","max-image-preview":"max-image-preview:large","max-video-preview":"max-video-preview:-1"},"canonical":"https:\/\/www.rubengalarreta.com\/es\/moneda\/","og_locale":"es_ES","og_type":"article","og_title":"Moneda - Ruben Galarreta","og_description":"\u00bfQu\u00e9 monedas aceptamos? Aceptamos m\u00e1s de 135 monedas. Los precios de nuestros productos se muestran seg\u00fan tu ubicaci\u00f3n: euros, libras, d\u00f3lares.","og_url":"https:\/\/www.rubengalarreta.com\/es\/moneda\/","og_site_name":"Ruben Galarreta","article_modified_time":"2020-02-07T12:01:35+00:00","twitter_card":"summary_large_image","schema":{"@context":"https:\/\/schema.org","@graph":[{"@type":"WebPage","@id":"https:\/\/www.rubengalarreta.com\/es\/moneda\/","url":"https:\/\/www.rubengalarreta.com\/es\/moneda\/","name":"Moneda - Ruben Galarreta","isPartOf":{"@id":"https:\/\/www.rubengalarreta.com\/es\/#website"},"datePublished":"2019-10-22T08:01:25+00:00","dateModified":"2020-02-07T12:01:35+00:00","description":"\u00bfQu\u00e9 monedas aceptamos? Aceptamos m\u00e1s de 135 monedas. Los precios de nuestros productos se muestran seg\u00fan tu ubicaci\u00f3n: euros, libras, d\u00f3lares.","breadcrumb":{"@id":"https:\/\/www.rubengalarreta.com\/es\/moneda\/#breadcrumb"},"inLanguage":"es","potentialAction":[{"@type":"ReadAction","target":["https:\/\/www.rubengalarreta.com\/es\/moneda\/"]}]},{"@type":"BreadcrumbList","@id":"https:\/\/www.rubengalarreta.com\/es\/moneda\/#breadcrumb","itemListElement":[{"@type":"ListItem","position":1,"name":"Home","item":"https:\/\/www.rubengalarreta.com\/es\/"},{"@type":"ListItem","position":2,"name":"Moneda"}]},{"@type":"WebSite","@id":"https:\/\/www.rubengalarreta.com\/es\/#website","url":"https:\/\/www.rubengalarreta.com\/es\/","name":"Ruben Galarreta","description":"Hot Couture | Online Store","publisher":{"@id":"https:\/\/www.rubengalarreta.com\/es\/#organization"},"potentialAction":[{"@type":"SearchAction","target":{"@type":"EntryPoint","urlTemplate":"https:\/\/www.rubengalarreta.com\/es\/?s={search_term_string}"},"query-input":{"@type":"PropertyValueSpecification","valueRequired":true,"valueName":"search_term_string"}}],"inLanguage":"es"},{"@type":"Organization","@id":"https:\/\/www.rubengalarreta.com\/es\/#organization","name":"Ruben Galarreta","url":"https:\/\/www.rubengalarreta.com\/es\/","logo":{"@type":"ImageObject","inLanguage":"es","@id":"https:\/\/www.rubengalarreta.com\/es\/#\/schema\/logo\/image\/","url":"https:\/\/www.rubengalarreta.com\/wp-content\/uploads\/2019\/10\/rubengalarreta-menswear.jpg","contentUrl":"https:\/\/www.rubengalarreta.com\/wp-content\/uploads\/2019\/10\/rubengalarreta-menswear.jpg","width":1141,"height":146,"caption":"Ruben Galarreta"},"image":{"@id":"https:\/\/www.rubengalarreta.com\/es\/#\/schema\/logo\/image\/"}}]}},"_links":{"self":[{"href":"https:\/\/www.rubengalarreta.com\/es\/wp-json\/wp\/v2\/pages\/24455","targetHints":{"allow":["GET"]}}],"collection":[{"href":"https:\/\/www.rubengalarreta.com\/es\/wp-json\/wp\/v2\/pages"}],"about":[{"href":"https:\/\/www.rubengalarreta.com\/es\/wp-json\/wp\/v2\/types\/page"}],"author":[{"embeddable":true,"href":"https:\/\/www.rubengalarreta.com\/es\/wp-json\/wp\/v2\/users\/7831"}],"replies":[{"embeddable":true,"href":"https:\/\/www.rubengalarreta.com\/es\/wp-json\/wp\/v2\/comments?post=24455"}],"version-history":[{"count":0,"href":"https:\/\/www.rubengalarreta.com\/es\/wp-json\/wp\/v2\/pages\/24455\/revisions"}],"wp:attachment":[{"href":"https:\/\/www.rubengalarreta.com\/es\/wp-json\/wp\/v2\/media?parent=24455"}],"curies":[{"name":"wp","href":"https:\/\/api.w.org\/{rel}","templated":true}]}}